{"id":839,"date":"2025-04-27T13:28:28","date_gmt":"2025-04-27T13:28:28","guid":{"rendered":"https:\/\/mawlanasultan.org\/?page_id=839"},"modified":"2025-05-23T09:38:45","modified_gmt":"2025-05-23T09:38:45","slug":"mawlana-shaykh-mu%e1%b8%a5ammad-adil-ar-rabbani","status":"publish","type":"page","link":"https:\/\/mawlanasultan.org\/tr\/mawlana-shaykh-mu%e1%b8%a5ammad-adil-ar-rabbani\/","title":{"rendered":"Mevlana \u015eeyh Muhammed Adil er-Rabbani"},"content":{"rendered":"<div data-elementor-type=\"wp-page\" data-elementor-id=\"839\" class=\"elementor elementor-839\" data-elementor-post-type=\"page\">\n\t\t\t\t<div class=\"elementor-element elementor-element-a566658 e-flex e-con-boxed e-con e-parent\" data-id=\"a566658\" data-element_type=\"container\" data-e-type=\"container\">\n\t\t\t\t\t<div class=\"e-con-inner\">\n\t\t\t\t<div class=\"elementor-element elementor-element-ae0d2d4 elementor-widget-divider--view-line elementor-widget elementor-widget-divider\" data-id=\"ae0d2d4\" data-element_type=\"widget\" data-e-type=\"widget\" data-widget_type=\"divider.default\">\n\t\t\t\t<div class=\"elementor-widget-container\">\n\t\t\t\t\t\t\t<div class=\"elementor-divider\">\n\t\t\t<span class=\"elementor-divider-separator\">\n\t\t\t\t\t\t<\/span>\n\t\t<\/div>\n\t\t\t\t\t\t<\/div>\n\t\t\t\t<\/div>\n\t\t\t\t\t<\/div>\n\t\t\t\t<\/div>\n\t\t<div class=\"elementor-element elementor-element-0ca462d e-con-full e-flex e-con e-parent\" data-id=\"0ca462d\" data-element_type=\"container\" data-e-type=\"container\">\n\t\t\t\t<div class=\"elementor-element elementor-element-be3085d elementor-widget-tablet__width-initial elementor-widget elementor-widget-heading\" data-id=\"be3085d\" data-element_type=\"widget\" data-e-type=\"widget\" data-widget_type=\"heading.default\">\n\t\t\t\t<div class=\"elementor-widget-container\">\n\t\t\t\t\t<h2 class=\"elementor-heading-title elementor-size-default\">Mevlana \u015eeyh Muhammed Adil\u2019in Biyografisi<\/h2>\t\t\t\t<\/div>\n\t\t\t\t<\/div>\n\t\t\t\t<\/div>\n\t\t<div class=\"elementor-element elementor-element-62c50ad e-flex e-con-boxed e-con e-parent\" data-id=\"62c50ad\" data-element_type=\"container\" data-e-type=\"container\">\n\t\t\t\t\t<div class=\"e-con-inner\">\n\t\t<div class=\"elementor-element elementor-element-c856e6d e-con-full e-flex e-con e-child\" data-id=\"c856e6d\" data-element_type=\"container\" data-e-type=\"container\">\n\t\t\t\t<div class=\"elementor-element elementor-element-e85b718 elementor-widget__width-initial elementor-widget elementor-widget-image\" data-id=\"e85b718\" data-element_type=\"widget\" data-e-type=\"widget\" data-widget_type=\"image.default\">\n\t\t\t\t<div class=\"elementor-widget-container\">\n\t\t\t\t\t\t\t\t\t\t\t\t\t\t\t<img fetchpriority=\"high\" decoding=\"async\" width=\"750\" height=\"1024\" src=\"https:\/\/mawlanasultan.org\/wp-content\/uploads\/2025\/04\/Biography-1-750x1024.jpg\" class=\"attachment-large size-large wp-image-861\" alt=\"\" srcset=\"https:\/\/mawlanasultan.org\/wp-content\/uploads\/2025\/04\/Biography-1-750x1024.jpg 750w, https:\/\/mawlanasultan.org\/wp-content\/uploads\/2025\/04\/Biography-1-220x300.jpg 220w, https:\/\/mawlanasultan.org\/wp-content\/uploads\/2025\/04\/Biography-1-768x1048.jpg 768w, https:\/\/mawlanasultan.org\/wp-content\/uploads\/2025\/04\/Biography-1-1125x1536.jpg 1125w, https:\/\/mawlanasultan.org\/wp-content\/uploads\/2025\/04\/Biography-1.jpg 1265w\" sizes=\"(max-width: 750px) 100vw, 750px\" \/>\t\t\t\t\t\t\t\t\t\t\t\t\t\t\t<\/div>\n\t\t\t\t<\/div>\n\t\t\t\t<\/div>\n\t\t<div class=\"elementor-element elementor-element-d0828af e-con-full e-flex e-con e-child\" data-id=\"d0828af\" data-element_type=\"container\" data-e-type=\"container\">\n\t\t\t\t<div class=\"elementor-element elementor-element-29d881d elementor-widget elementor-widget-text-editor\" data-id=\"29d881d\" data-element_type=\"widget\" data-e-type=\"widget\" data-widget_type=\"text-editor.default\">\n\t\t\t\t<div class=\"elementor-widget-container\">\n\t\t\t\t\t\t\t\t\t<p>\u015eeyh Muhammed Adil, Nak\u015fibendi Tarikat\u0131\u2019n\u0131n Alt\u0131n Silsilenin 41. Lideri ve \u015eeyhidir. O, Nak\u015fibendi yolunun ya\u015fayan \u015eeyhi ve Seyyidna Muhammed\u2019den \ufdfa Seyyidina Ebu Bekir es-S\u0131dd\u00eek\u2019e ve oradan da babas\u0131 Mevlana \u015eeyh Muhammed N\u00e2z\u0131m Adil el-Hakkan\u00ee\u2019ye aktar\u0131lan s\u0131rr\u0131n var\u0131s\u0131d\u0131r.<\/p><p>\u00a0<\/p><p>\u015eeyh Muhammed Mehmet Adil Hazretleri 29 Mart 1957 tarihinde \u015eam\u2019da do\u011fdu. Sultanul Evliya \u015eeyh Muhammed Naz\u0131m Adil K\u0131br\u0131si (k.s.) Hazretleri ile Hace Emine Adil Sultan Han\u0131mefendi\u2019nin b\u00fcy\u00fck o\u011fludur. Babas\u0131 ve M\u00fcr\u015fidi \u015eeyh Muhammed Naz\u0131m Adil K\u0131br\u0131si Hazretleri soyu Kadiri tarikat\u0131 kurucusu Abd\u00fclkadir Geylani Hazretlerine, b\u00fcy\u00fck babaannesi taraf\u0131ndan ise Mevlevi tarikat\u0131 kurucusu Mevlana Celaleddin Rumi Hazretlerine dayan\u0131r.<\/p>\t\t\t\t\t\t\t\t<\/div>\n\t\t\t\t<\/div>\n\t\t\t\t<\/div>\n\t\t\t\t\t<\/div>\n\t\t\t\t<\/div>\n\t\t<div class=\"elementor-element elementor-element-a62c45b e-con-full e-flex e-con e-parent\" data-id=\"a62c45b\" data-element_type=\"container\" data-e-type=\"container\">\n\t\t\t\t<div class=\"elementor-element elementor-element-34792ba elementor-widget elementor-widget-text-editor\" data-id=\"34792ba\" data-element_type=\"widget\" data-e-type=\"widget\" data-widget_type=\"text-editor.default\">\n\t\t\t\t<div class=\"elementor-widget-container\">\n\t\t\t\t\t\t\t\t\t<p>Shaykh Muhammad is of Turkish Cypriot descent. His father and guide Shaykh Mu\u1e25ammad N\u0101\u1e93im Adil al-\u1e24aqq\u0101n\u012b is of the lineage of the founder of the Qadiriyyah \u1e6dar\u012bqah, Abdul-Q\u0101dir J\u012bl\u0101n\u012b, while his great grandmother is of the lineage of the founder of the Mawlawi \u1e6dar\u012bqah, Mawlana Jal\u0101ludd\u012bn Rumi. According to the lineage in the N\u0101qib al-Ashraf records, his lineage goes back to the family of our Prophet Sayyidna Mu\u1e25ammad \ufdfa, and is Ahlu l-Bayt from his father\u2019s side. His mother, Hajja Amina Adil Sultan, is the daughter of a Tatar family who migrated to Sh\u0101m Sharif, through Anatolia of the Ottoman Empire due to the start of anti-religious policies of Communist countries of the time. She is originally from the village of Bakayevo, located near the Republic of Tatarstan, Russian Federation.<\/p><p>\u015eeyh Muhammed Naz\u0131m Adil K\u0131br\u0131si (k.s.) Hazretleri kendisinden sonraki ki\u015finin, halifesinin \u015eeyh Muhammed Mehmet Adil er-Rabbani Hazretleri oldu\u011funu irtihal etmeden \u00f6nce ilanen beyan etmi\u015ftir. \u015eeyh Muhammed Naz\u0131m Adil K\u0131br\u0131si Hazretleri (k.s.) 7 May\u0131s 2014\u2019te Dar\u0131 bekaya irtihal etmesiyle Nak\u015fibendi tarikat\u0131n\u0131n alt\u0131n silsilesinin 41. \u015eeyhi olarak emaneti devralm\u0131\u015ft\u0131r.<\/p>\t\t\t\t\t\t\t\t<\/div>\n\t\t\t\t<\/div>\n\t\t\t\t<\/div>\n\t\t<div class=\"elementor-element elementor-element-5148399 e-con-full e-flex e-con e-parent\" data-id=\"5148399\" data-element_type=\"container\" data-e-type=\"container\">\n\t\t<div class=\"elementor-element elementor-element-2cc21c0 e-con-full e-flex e-con e-child\" data-id=\"2cc21c0\" data-element_type=\"container\" data-e-type=\"container\">\n\t\t\t\t<div class=\"elementor-element elementor-element-39eeb38 elementor-widget elementor-widget-text-editor\" data-id=\"39eeb38\" data-element_type=\"widget\" data-e-type=\"widget\" data-widget_type=\"text-editor.default\">\n\t\t\t\t<div class=\"elementor-widget-container\">\n\t\t\t\t\t\t\t\t\t<p>Bu sorumlulu\u011fu \u00fcstlendi\u011finden beri Mevlana \u015eeyh Muhammed, Peygamberimizin \ufdfa var\u0131s\u0131 olarak babas\u0131n\u0131n manevi misyonunu s\u00fcrd\u00fcrm\u00fc\u015f ve inan\u00e7, sevgi ve tevazu ilkelerini vurgulam\u0131\u015ft\u0131r. Mevlana \u015eeyh Muhammed, vakar, tevazu ve merhametli bir kalple an\u0131l\u0131r. \u015eeyh Muhammed Hazretleri vaktinin \u00e7o\u011funu d\u00fcnyan\u0131n farkl\u0131 \u00fclkelerine seyahat ederek i\u2019layi Kelimetullah\u0131, yani \u0130slam dinini yaymak amac\u0131yla d\u00fcnyay\u0131 seyri sefer etmektedir. Mevlana \u015eeyh Muhammed Hazretleri \u0130stanbul Beykoz \u0130l\u00e7esi Akbaba k\u00f6y\u00fcnde ikamet etmekte olup burada bulundu\u011fu s\u00fcrece d\u00fcnyan\u0131n d\u00f6rt bir yan\u0131ndan gelen misafirlerini a\u011f\u0131rlamaktad\u0131r. Kendisini ziyarete gelen k\u00fc\u00e7\u00fck b\u00fcy\u00fck misafirleriyle tek tek ilgilenip onlara kar\u015f\u0131 nasihat ve sohbetlerde bulunmaktad\u0131r.<\/p>\t\t\t\t\t\t\t\t<\/div>\n\t\t\t\t<\/div>\n\t\t\t\t<\/div>\n\t\t<div class=\"elementor-element elementor-element-6d7f422 e-con-full e-flex e-con e-child\" data-id=\"6d7f422\" data-element_type=\"container\" data-e-type=\"container\">\n\t\t\t\t<div class=\"elementor-element elementor-element-22869da elementor-widget elementor-widget-image\" data-id=\"22869da\" data-element_type=\"widget\" data-e-type=\"widget\" data-widget_type=\"image.default\">\n\t\t\t\t<div class=\"elementor-widget-container\">\n\t\t\t\t\t\t\t\t\t\t\t\t\t\t\t<img decoding=\"async\" width=\"441\" height=\"551\" src=\"https:\/\/mawlanasultan.org\/wp-content\/uploads\/2025\/04\/IMG_9014-3.jpg\" class=\"attachment-large size-large wp-image-869\" alt=\"\" srcset=\"https:\/\/mawlanasultan.org\/wp-content\/uploads\/2025\/04\/IMG_9014-3.jpg 441w, https:\/\/mawlanasultan.org\/wp-content\/uploads\/2025\/04\/IMG_9014-3-240x300.jpg 240w\" sizes=\"(max-width: 441px) 100vw, 441px\" \/>\t\t\t\t\t\t\t\t\t\t\t\t\t\t\t<\/div>\n\t\t\t\t<\/div>\n\t\t\t\t<\/div>\n\t\t\t\t<\/div>\n\t\t<div class=\"elementor-element elementor-element-8216628 e-flex e-con-boxed e-con e-parent\" data-id=\"8216628\" data-element_type=\"container\" data-e-type=\"container\">\n\t\t\t\t\t<div class=\"e-con-inner\">\n\t\t\t\t<div class=\"elementor-element elementor-element-95f3d85 elementor-widget elementor-widget-gallery\" data-id=\"95f3d85\" data-element_type=\"widget\" data-e-type=\"widget\" data-settings=\"{&quot;lazyload&quot;:&quot;yes&quot;,&quot;gallery_layout&quot;:&quot;grid&quot;,&quot;columns&quot;:4,&quot;columns_tablet&quot;:2,&quot;columns_mobile&quot;:1,&quot;gap&quot;:{&quot;unit&quot;:&quot;px&quot;,&quot;size&quot;:10,&quot;sizes&quot;:[]},&quot;gap_tablet&quot;:{&quot;unit&quot;:&quot;px&quot;,&quot;size&quot;:10,&quot;sizes&quot;:[]},&quot;gap_mobile&quot;:{&quot;unit&quot;:&quot;px&quot;,&quot;size&quot;:10,&quot;sizes&quot;:[]},&quot;link_to&quot;:&quot;file&quot;,&quot;aspect_ratio&quot;:&quot;3:2&quot;,&quot;overlay_background&quot;:&quot;yes&quot;,&quot;content_hover_animation&quot;:&quot;fade-in&quot;}\" data-widget_type=\"gallery.default\">\n\t\t\t\t<div class=\"elementor-widget-container\">\n\t\t\t\t\t\t\t<div class=\"elementor-gallery__container\">\n\t\t\t\t\t\t\t<a class=\"e-gallery-item elementor-gallery-item elementor-animated-content\" href=\"https:\/\/mawlanasultan.org\/wp-content\/uploads\/2025\/04\/IMG_5982-2.jpg\" data-elementor-open-lightbox=\"yes\" data-elementor-lightbox-slideshow=\"95f3d85\" data-e-action-hash=\"#elementor-action%3Aaction%3Dlightbox%26settings%3DeyJpZCI6ODcwLCJ1cmwiOiJodHRwczpcL1wvbWF3bGFuYXN1bHRhbi5vcmdcL3dwLWNvbnRlbnRcL3VwbG9hZHNcLzIwMjVcLzA0XC9JTUdfNTk4Mi0yLmpwZyIsInNsaWRlc2hvdyI6Ijk1ZjNkODUifQ%3D%3D\">\n\t\t\t\t\t<div class=\"e-gallery-image elementor-gallery-item__image\" data-thumbnail=\"https:\/\/mawlanasultan.org\/wp-content\/uploads\/2025\/04\/IMG_5982-2-300x295.jpg\" data-width=\"300\" data-height=\"295\" aria-label=\"\" role=\"img\" ><\/div>\n\t\t\t\t\t\t\t\t\t\t\t<div class=\"elementor-gallery-item__overlay\"><\/div>\n\t\t\t\t\t\t\t\t\t\t\t\t\t\t<\/a>\n\t\t\t\t\t\t\t<a class=\"e-gallery-item elementor-gallery-item elementor-animated-content\" href=\"https:\/\/mawlanasultan.org\/wp-content\/uploads\/2025\/04\/d8376433-a5be-4917-82b9-aaa2a3dbcc96.jpg\" data-elementor-open-lightbox=\"yes\" data-elementor-lightbox-slideshow=\"95f3d85\" data-e-action-hash=\"#elementor-action%3Aaction%3Dlightbox%26settings%3DeyJpZCI6ODc2LCJ1cmwiOiJodHRwczpcL1wvbWF3bGFuYXN1bHRhbi5vcmdcL3dwLWNvbnRlbnRcL3VwbG9hZHNcLzIwMjVcLzA0XC9kODM3NjQzMy1hNWJlLTQ5MTctODJiOS1hYWEyYTNkYmNjOTYuanBnIiwic2xpZGVzaG93IjoiOTVmM2Q4NSJ9\">\n\t\t\t\t\t<div class=\"e-gallery-image elementor-gallery-item__image\" data-thumbnail=\"https:\/\/mawlanasultan.org\/wp-content\/uploads\/2025\/04\/d8376433-a5be-4917-82b9-aaa2a3dbcc96-180x300.jpg\" data-width=\"180\" data-height=\"300\" aria-label=\"\" role=\"img\" ><\/div>\n\t\t\t\t\t\t\t\t\t\t\t<div class=\"elementor-gallery-item__overlay\"><\/div>\n\t\t\t\t\t\t\t\t\t\t\t\t\t\t<\/a>\n\t\t\t\t\t\t\t<a class=\"e-gallery-item elementor-gallery-item elementor-animated-content\" href=\"https:\/\/mawlanasultan.org\/wp-content\/uploads\/2025\/04\/IMG_7966.jpg\" data-elementor-open-lightbox=\"yes\" data-elementor-lightbox-slideshow=\"95f3d85\" data-e-action-hash=\"#elementor-action%3Aaction%3Dlightbox%26settings%3DeyJpZCI6ODcxLCJ1cmwiOiJodHRwczpcL1wvbWF3bGFuYXN1bHRhbi5vcmdcL3dwLWNvbnRlbnRcL3VwbG9hZHNcLzIwMjVcLzA0XC9JTUdfNzk2Ni5qcGciLCJzbGlkZXNob3ciOiI5NWYzZDg1In0%3D\">\n\t\t\t\t\t<div class=\"e-gallery-image elementor-gallery-item__image\" data-thumbnail=\"https:\/\/mawlanasultan.org\/wp-content\/uploads\/2025\/04\/IMG_7966-200x300.jpg\" data-width=\"200\" data-height=\"300\" aria-label=\"\" role=\"img\" ><\/div>\n\t\t\t\t\t\t\t\t\t\t\t<div class=\"elementor-gallery-item__overlay\"><\/div>\n\t\t\t\t\t\t\t\t\t\t\t\t\t\t<\/a>\n\t\t\t\t\t\t\t<a class=\"e-gallery-item elementor-gallery-item elementor-animated-content\" href=\"https:\/\/mawlanasultan.org\/wp-content\/uploads\/2025\/04\/IMG_1230.jpg\" data-elementor-open-lightbox=\"yes\" data-elementor-lightbox-slideshow=\"95f3d85\" data-e-action-hash=\"#elementor-action%3Aaction%3Dlightbox%26settings%3DeyJpZCI6ODc0LCJ1cmwiOiJodHRwczpcL1wvbWF3bGFuYXN1bHRhbi5vcmdcL3dwLWNvbnRlbnRcL3VwbG9hZHNcLzIwMjVcLzA0XC9JTUdfMTIzMC5qcGciLCJzbGlkZXNob3ciOiI5NWYzZDg1In0%3D\">\n\t\t\t\t\t<div class=\"e-gallery-image elementor-gallery-item__image\" data-thumbnail=\"https:\/\/mawlanasultan.org\/wp-content\/uploads\/2025\/04\/IMG_1230-237x300.jpg\" data-width=\"237\" data-height=\"300\" aria-label=\"\" role=\"img\" ><\/div>\n\t\t\t\t\t\t\t\t\t\t\t<div class=\"elementor-gallery-item__overlay\"><\/div>\n\t\t\t\t\t\t\t\t\t\t\t\t\t\t<\/a>\n\t\t\t\t\t\t\t<a class=\"e-gallery-item elementor-gallery-item elementor-animated-content\" href=\"https:\/\/mawlanasultan.org\/wp-content\/uploads\/2025\/04\/IMG_3550.jpg\" data-elementor-open-lightbox=\"yes\" data-elementor-lightbox-slideshow=\"95f3d85\" data-e-action-hash=\"#elementor-action%3Aaction%3Dlightbox%26settings%3DeyJpZCI6ODczLCJ1cmwiOiJodHRwczpcL1wvbWF3bGFuYXN1bHRhbi5vcmdcL3dwLWNvbnRlbnRcL3VwbG9hZHNcLzIwMjVcLzA0XC9JTUdfMzU1MC5qcGciLCJzbGlkZXNob3ciOiI5NWYzZDg1In0%3D\">\n\t\t\t\t\t<div class=\"e-gallery-image elementor-gallery-item__image\" data-thumbnail=\"https:\/\/mawlanasultan.org\/wp-content\/uploads\/2025\/04\/IMG_3550-237x300.jpg\" data-width=\"237\" data-height=\"300\" aria-label=\"\" role=\"img\" ><\/div>\n\t\t\t\t\t\t\t\t\t\t\t<div class=\"elementor-gallery-item__overlay\"><\/div>\n\t\t\t\t\t\t\t\t\t\t\t\t\t\t<\/a>\n\t\t\t\t\t\t\t<a class=\"e-gallery-item elementor-gallery-item elementor-animated-content\" href=\"https:\/\/mawlanasultan.org\/wp-content\/uploads\/2025\/04\/Biography-1-1.jpg\" data-elementor-open-lightbox=\"yes\" data-elementor-lightbox-slideshow=\"95f3d85\" data-e-action-hash=\"#elementor-action%3Aaction%3Dlightbox%26settings%3DeyJpZCI6ODc3LCJ1cmwiOiJodHRwczpcL1wvbWF3bGFuYXN1bHRhbi5vcmdcL3dwLWNvbnRlbnRcL3VwbG9hZHNcLzIwMjVcLzA0XC9CaW9ncmFwaHktMS0xLmpwZyIsInNsaWRlc2hvdyI6Ijk1ZjNkODUifQ%3D%3D\">\n\t\t\t\t\t<div class=\"e-gallery-image elementor-gallery-item__image\" data-thumbnail=\"https:\/\/mawlanasultan.org\/wp-content\/uploads\/2025\/04\/Biography-1-1-169x300.jpg\" data-width=\"169\" data-height=\"300\" aria-label=\"\" role=\"img\" ><\/div>\n\t\t\t\t\t\t\t\t\t\t\t<div class=\"elementor-gallery-item__overlay\"><\/div>\n\t\t\t\t\t\t\t\t\t\t\t\t\t\t<\/a>\n\t\t\t\t\t\t\t<a class=\"e-gallery-item elementor-gallery-item elementor-animated-content\" href=\"https:\/\/mawlanasultan.org\/wp-content\/uploads\/2025\/05\/IMG_7762.jpg\" data-elementor-open-lightbox=\"yes\" data-elementor-lightbox-slideshow=\"95f3d85\" data-e-action-hash=\"#elementor-action%3Aaction%3Dlightbox%26settings%3DeyJpZCI6MTI0OSwidXJsIjoiaHR0cHM6XC9cL21hd2xhbmFzdWx0YW4ub3JnXC93cC1jb250ZW50XC91cGxvYWRzXC8yMDI1XC8wNVwvSU1HXzc3NjIuanBnIiwic2xpZGVzaG93IjoiOTVmM2Q4NSJ9\">\n\t\t\t\t\t<div class=\"e-gallery-image elementor-gallery-item__image\" data-thumbnail=\"https:\/\/mawlanasultan.org\/wp-content\/uploads\/2025\/05\/IMG_7762-240x300.jpg\" data-width=\"240\" data-height=\"300\" aria-label=\"\" role=\"img\" ><\/div>\n\t\t\t\t\t\t\t\t\t\t\t<div class=\"elementor-gallery-item__overlay\"><\/div>\n\t\t\t\t\t\t\t\t\t\t\t\t\t\t<\/a>\n\t\t\t\t\t\t\t<a class=\"e-gallery-item elementor-gallery-item elementor-animated-content\" href=\"https:\/\/mawlanasultan.org\/wp-content\/uploads\/2025\/05\/IMG_8838.jpg\" data-elementor-open-lightbox=\"yes\" data-elementor-lightbox-slideshow=\"95f3d85\" data-e-action-hash=\"#elementor-action%3Aaction%3Dlightbox%26settings%3DeyJpZCI6MTI1NiwidXJsIjoiaHR0cHM6XC9cL21hd2xhbmFzdWx0YW4ub3JnXC93cC1jb250ZW50XC91cGxvYWRzXC8yMDI1XC8wNVwvSU1HXzg4MzguanBnIiwic2xpZGVzaG93IjoiOTVmM2Q4NSJ9\">\n\t\t\t\t\t<div class=\"e-gallery-image elementor-gallery-item__image\" data-thumbnail=\"https:\/\/mawlanasultan.org\/wp-content\/uploads\/2025\/05\/IMG_8838-171x300.jpg\" data-width=\"171\" data-height=\"300\" aria-label=\"\" role=\"img\" ><\/div>\n\t\t\t\t\t\t\t\t\t\t\t<div class=\"elementor-gallery-item__overlay\"><\/div>\n\t\t\t\t\t\t\t\t\t\t\t\t\t\t<\/a>\n\t\t\t\t\t<\/div>\n\t\t\t\t\t<\/div>\n\t\t\t\t<\/div>\n\t\t\t\t\t<\/div>\n\t\t\t\t<\/div>\n\t\t\t\t<\/div>","protected":false},"excerpt":{"rendered":"<p>The Biography of Mawl\u0101n\u0101 Shaykh Muhammad Adil Shaykh Muhammad Adil is the 41st Leader and Shaykh of the Golden Chain of the Most Distinguished Naqshband\u012b \u1e6car\u012bqah. He is the living master of the Naqshbandi way, and the inheritor of the secret passed on from Sayyidna Mu\u1e25ammad \ufdfa, to Sayyidin\u0101 Ab\u016b Bakr As-Sidd\u012bq all the way [&hellip;]<\/p>","protected":false},"author":1,"featured_media":0,"parent":0,"menu_order":0,"comment_status":"closed","ping_status":"closed","template":"elementor_header_footer","meta":{"_acf_changed":false,"footnotes":""},"class_list":["post-839","page","type-page","status-publish","hentry"],"acf":[],"aioseo_notices":[],"_links":{"self":[{"href":"https:\/\/mawlanasultan.org\/tr\/wp-json\/wp\/v2\/pages\/839","targetHints":{"allow":["GET"]}}],"collection":[{"href":"https:\/\/mawlanasultan.org\/tr\/wp-json\/wp\/v2\/pages"}],"about":[{"href":"https:\/\/mawlanasultan.org\/tr\/wp-json\/wp\/v2\/types\/page"}],"author":[{"embeddable":true,"href":"https:\/\/mawlanasultan.org\/tr\/wp-json\/wp\/v2\/users\/1"}],"replies":[{"embeddable":true,"href":"https:\/\/mawlanasultan.org\/tr\/wp-json\/wp\/v2\/comments?post=839"}],"version-history":[{"count":95,"href":"https:\/\/mawlanasultan.org\/tr\/wp-json\/wp\/v2\/pages\/839\/revisions"}],"predecessor-version":[{"id":2765,"href":"https:\/\/mawlanasultan.org\/tr\/wp-json\/wp\/v2\/pages\/839\/revisions\/2765"}],"wp:attachment":[{"href":"https:\/\/mawlanasultan.org\/tr\/wp-json\/wp\/v2\/media?parent=839"}],"curies":[{"name":"wp","href":"https:\/\/api.w.org\/{rel}","templated":true}]}}