{"id":688,"date":"2025-04-16T18:14:43","date_gmt":"2025-04-16T18:14:43","guid":{"rendered":"https:\/\/mawlanasultan.org\/?page_id=688"},"modified":"2025-05-01T13:04:34","modified_gmt":"2025-05-01T13:04:34","slug":"eyup-sultan-dergah","status":"publish","type":"page","link":"https:\/\/mawlanasultan.org\/tr\/eyup-sultan-dergah\/","title":{"rendered":"Ey\u00fcp Sultan Dergah\u0131"},"content":{"rendered":"<div data-elementor-type=\"wp-page\" data-elementor-id=\"688\" class=\"elementor elementor-688\" data-elementor-post-type=\"page\">\n\t\t\t\t<div class=\"elementor-element elementor-element-d859a28 e-flex e-con-boxed e-con e-parent\" data-id=\"d859a28\" data-element_type=\"container\" data-e-type=\"container\">\n\t\t\t\t\t<div class=\"e-con-inner\">\n\t\t<div class=\"elementor-element elementor-element-3186fac e-con-full e-flex e-con e-child\" data-id=\"3186fac\" data-element_type=\"container\" data-e-type=\"container\">\n\t\t\t\t<div class=\"elementor-element elementor-element-389c5ff elementor-widget-divider--view-line elementor-widget elementor-widget-divider\" data-id=\"389c5ff\" data-element_type=\"widget\" data-e-type=\"widget\" data-widget_type=\"divider.default\">\n\t\t\t\t<div class=\"elementor-widget-container\">\n\t\t\t\t\t\t\t<div class=\"elementor-divider\">\n\t\t\t<span class=\"elementor-divider-separator\">\n\t\t\t\t\t\t<\/span>\n\t\t<\/div>\n\t\t\t\t\t\t<\/div>\n\t\t\t\t<\/div>\n\t\t\t\t<div class=\"elementor-element elementor-element-9f8dc6a elementor-widget elementor-widget-heading\" data-id=\"9f8dc6a\" data-element_type=\"widget\" data-e-type=\"widget\" data-widget_type=\"heading.default\">\n\t\t\t\t<div class=\"elementor-widget-container\">\n\t\t\t\t\t<h2 class=\"elementor-heading-title elementor-size-default\">Ey\u00fcp Sultan Dergah\u0131 2025<\/h2>\t\t\t\t<\/div>\n\t\t\t\t<\/div>\n\t\t<div class=\"elementor-element elementor-element-f20cefe e-con-full e-flex e-con e-child\" data-id=\"f20cefe\" data-element_type=\"container\" data-e-type=\"container\">\n\t\t\t\t<\/div>\n\t\t\t\t<\/div>\n\t\t\t\t\t<\/div>\n\t\t\t\t<\/div>\n\t\t<div class=\"elementor-element elementor-element-26dc9c3 e-flex e-con-boxed e-con e-parent\" data-id=\"26dc9c3\" data-element_type=\"container\" data-e-type=\"container\">\n\t\t\t\t\t<div class=\"e-con-inner\">\n\t\t\t\t<div class=\"elementor-element elementor-element-495b4bd elementor-grid-2 elementor-grid-tablet-2 elementor-grid-mobile-1 elementor-widget elementor-widget-loop-grid\" data-id=\"495b4bd\" data-element_type=\"widget\" data-e-type=\"widget\" data-settings=\"{&quot;template_id&quot;:67,&quot;columns&quot;:2,&quot;_skin&quot;:&quot;post&quot;,&quot;columns_tablet&quot;:&quot;2&quot;,&quot;columns_mobile&quot;:&quot;1&quot;,&quot;edit_handle_selector&quot;:&quot;[data-elementor-type=\\&quot;loop-item\\&quot;]&quot;,&quot;row_gap&quot;:{&quot;unit&quot;:&quot;px&quot;,&quot;size&quot;:&quot;&quot;,&quot;sizes&quot;:[]},&quot;row_gap_tablet&quot;:{&quot;unit&quot;:&quot;px&quot;,&quot;size&quot;:&quot;&quot;,&quot;sizes&quot;:[]},&quot;row_gap_mobile&quot;:{&quot;unit&quot;:&quot;px&quot;,&quot;size&quot;:&quot;&quot;,&quot;sizes&quot;:[]}}\" data-widget_type=\"loop-grid.post\">\n\t\t\t\t<div class=\"elementor-widget-container\">\n\t\t\t\t\t\t\t<div class=\"elementor-loop-container elementor-grid\">\n\t\t<style id=\"loop-67\">.elementor-67 .elementor-element.elementor-element-f823dae{--display:flex;--min-height:197px;--flex-direction:column;--container-widget-width:calc( ( 1 - var( --container-widget-flex-grow ) ) * 100% );--container-widget-height:initial;--container-widget-flex-grow:0;--container-widget-align-self:initial;--flex-wrap-mobile:wrap;--justify-content:flex-start;--align-items:center;}.elementor-67 .elementor-element.elementor-element-f823dae.e-con{--flex-grow:0;--flex-shrink:0;}.elementor-widget-theme-post-title .elementor-heading-title{font-family:var( --e-global-typography-primary-font-family ), Sans-serif;font-weight:var( --e-global-typography-primary-font-weight );color:var( --e-global-color-primary );}.elementor-67 .elementor-element.elementor-element-2c8a03c .elementor-heading-title{font-family:\"Rubik\", Sans-serif;font-size:25px;font-weight:600;color:#FFFFFF;}.elementor-67 .elementor-element.elementor-element-2c8a03c.elementor-element{--align-self:flex-start;}.elementor-67 .elementor-element.elementor-element-4dacd2b .elementor-wrapper{--video-aspect-ratio:1.77777;}.elementor-widget-text-editor{font-family:var( --e-global-typography-text-font-family ), Sans-serif;font-weight:var( --e-global-typography-text-font-weight );color:var( --e-global-color-text );}.elementor-widget-text-editor.elementor-drop-cap-view-stacked .elementor-drop-cap{background-color:var( --e-global-color-primary );}.elementor-widget-text-editor.elementor-drop-cap-view-framed .elementor-drop-cap, .elementor-widget-text-editor.elementor-drop-cap-view-default .elementor-drop-cap{color:var( --e-global-color-primary );border-color:var( --e-global-color-primary );}.elementor-67 .elementor-element.elementor-element-5900162{font-family:\"Rubik\", Sans-serif;font-size:17px;font-weight:400;color:#FFFFFF;}.elementor-67 .elementor-element.elementor-element-a51cb8f{--display:grid;--e-con-grid-template-columns:repeat(3, 1fr);--e-con-grid-template-rows:repeat(1, 1fr);--grid-auto-flow:row;}.elementor-widget-button .elementor-button{font-family:var( --e-global-typography-accent-font-family ), Sans-serif;font-weight:var( --e-global-typography-accent-font-weight );background-color:var( --e-global-color-accent );}.elementor-67 .elementor-element.elementor-element-5903235 .elementor-button{fill:#000000;color:#000000;background-color:var( --e-global-color-50f163c );}.elementor-67 .elementor-element.elementor-element-76839c9 .elementor-button{fill:#000000;color:#000000;background-color:var( --e-global-color-50f163c );}.elementor-67 .elementor-element.elementor-element-f7303a6 .elementor-button{fill:#000000;color:#000000;background-color:var( --e-global-color-50f163c );}.elementor-67 .elementor-element.elementor-element-18e8388 .elementor-button{fill:#000000;color:#000000;background-color:var( --e-global-color-50f163c );}.elementor-67 .elementor-element.elementor-element-59e5fec .elementor-button{fill:#000000;color:#000000;background-color:var( --e-global-color-50f163c );}.elementor-67 .elementor-element.elementor-element-d9f4a93 .elementor-button{fill:#000000;color:#000000;background-color:var( --e-global-color-50f163c );}.elementor-67 .elementor-element.elementor-element-39db172 .elementor-button{fill:#000000;color:#000000;background-color:var( --e-global-color-50f163c );}.elementor-67 .elementor-element.elementor-element-38da90d .elementor-button{fill:#000000;color:#000000;background-color:var( --e-global-color-50f163c );}.elementor-67 .elementor-element.elementor-element-2e8f672 .elementor-button{fill:#000000;color:#000000;background-color:var( --e-global-color-50f163c );}.elementor-67 .elementor-element.elementor-element-7f4b739 .elementor-button{fill:#000000;color:#000000;background-color:var( --e-global-color-50f163c );}.elementor-67 .elementor-element.elementor-element-4fc7203{--display:flex;}.elementor-widget-divider{--divider-color:var( --e-global-color-secondary );}.elementor-widget-divider .elementor-divider__text{color:var( --e-global-color-secondary );font-family:var( --e-global-typography-secondary-font-family ), Sans-serif;font-weight:var( --e-global-typography-secondary-font-weight );}.elementor-widget-divider.elementor-view-stacked .elementor-icon{background-color:var( --e-global-color-secondary );}.elementor-widget-divider.elementor-view-framed .elementor-icon, .elementor-widget-divider.elementor-view-default .elementor-icon{color:var( --e-global-color-secondary );border-color:var( --e-global-color-secondary );}.elementor-widget-divider.elementor-view-framed .elementor-icon, .elementor-widget-divider.elementor-view-default .elementor-icon svg{fill:var( --e-global-color-secondary );}.elementor-67 .elementor-element.elementor-element-c056188{--divider-border-style:solid;--divider-color:#FFFFFF;--divider-border-width:1px;}.elementor-67 .elementor-element.elementor-element-c056188 .elementor-divider-separator{width:100%;}.elementor-67 .elementor-element.elementor-element-c056188 .elementor-divider{padding-block-start:15px;padding-block-end:15px;}@media(max-width:1024px){.elementor-67 .elementor-element.elementor-element-a51cb8f{--grid-auto-flow:row;}}@media(min-width:768px){.elementor-67 .elementor-element.elementor-element-f823dae{--width:96.606%;}}@media(max-width:767px){.elementor-67 .elementor-element.elementor-element-a51cb8f{--e-con-grid-template-columns:repeat(2, 1fr);--e-con-grid-template-rows:repeat(2, 1fr);--grid-auto-flow:row;}}<\/style>\t\t<div data-elementor-type=\"loop-item\" data-elementor-id=\"67\" class=\"elementor elementor-67 e-loop-item e-loop-item-766 post-766 books type-books status-publish hentry book-category-eyup-sultan-dergah book-category-istanbul book-category-january\" data-elementor-post-type=\"elementor_library\" data-custom-edit-handle=\"1\">\n\t\t\t<div class=\"elementor-element elementor-element-f823dae e-con-full e-flex e-con e-parent\" data-id=\"f823dae\" data-element_type=\"container\" data-e-type=\"container\">\n\t\t\t\t<div class=\"elementor-element elementor-element-2c8a03c elementor-widget elementor-widget-theme-post-title elementor-page-title elementor-widget-heading\" data-id=\"2c8a03c\" data-element_type=\"widget\" data-e-type=\"widget\" data-widget_type=\"theme-post-title.default\">\n\t\t\t\t<div class=\"elementor-widget-container\">\n\t\t\t\t\t<h1 class=\"elementor-heading-title elementor-size-default\">\u0130yilik A\u011fa\u00e7lar\u0131 Dikiyoruz<\/h1>\t\t\t\t<\/div>\n\t\t\t\t<\/div>\n\t\t\t\t<div class=\"elementor-element elementor-element-4dacd2b elementor-widget elementor-widget-video\" data-id=\"4dacd2b\" data-element_type=\"widget\" data-e-type=\"widget\" data-settings=\"{&quot;youtube_url&quot;:&quot;https:\\\/\\\/youtu.be\\\/e3C-SEPS0Xc?si=wfOqMSuit2NymyMo&quot;,&quot;video_type&quot;:&quot;youtube&quot;,&quot;controls&quot;:&quot;yes&quot;}\" data-widget_type=\"video.default\">\n\t\t\t\t<div class=\"elementor-widget-container\">\n\t\t\t\t\t\t\t<div class=\"elementor-wrapper elementor-open-inline\">\n\t\t\t<div class=\"elementor-video\"><\/div>\t\t<\/div>\n\t\t\t\t\t\t<\/div>\n\t\t\t\t<\/div>\n\t\t\t\t<div class=\"elementor-element elementor-element-5900162 elementor-widget elementor-widget-text-editor\" data-id=\"5900162\" data-element_type=\"widget\" data-e-type=\"widget\" data-widget_type=\"text-editor.default\">\n\t\t\t\t<div class=\"elementor-widget-container\">\n\t\t\t\t\t\t\t\t\tBu bizim buradaki son bulu\u015fmam\u0131z; Allah \ufdfb bize Seyyidina Ebu Eyyub el-Ensari'nin yak\u0131n\u0131nda daha b\u00fcy\u00fck bir Dergah bah\u015fetti. Her Dergah bir a\u011fa\u00e7t\u0131r. Meyveleri ahirette yenecek iyilik a\u011fa\u00e7lar\u0131 dikiyoruz.\t\t\t\t\t\t\t\t<\/div>\n\t\t\t\t<\/div>\n\t\t\t\t<\/div>\n\t\t<div class=\"elementor-element elementor-element-a51cb8f e-grid e-con-boxed e-con e-parent\" data-id=\"a51cb8f\" data-element_type=\"container\" data-e-type=\"container\">\n\t\t\t\t\t<div class=\"e-con-inner\">\n\t\t\t\t<div class=\"elementor-element elementor-element-5903235 elementor-widget elementor-widget-button\" data-id=\"5903235\" data-element_type=\"widget\" data-e-type=\"widget\" data-widget_type=\"button.default\">\n\t\t\t\t<div class=\"elementor-widget-container\">\n\t\t\t\t\t\t\t\t\t<div class=\"elementor-button-wrapper\">\n\t\t\t\t\t<a class=\"elementor-button elementor-button-link elementor-size-sm\" href=\"https:\/\/mawlanasultan.org\/wp-content\/uploads\/2025\/04\/EyupSultan_2025_01_12_EN.pdf\">\n\t\t\t\t\t\t<span class=\"elementor-button-content-wrapper\">\n\t\t\t\t\t\t\t\t\t<span class=\"elementor-button-text\">\u0130ngilizce PDF<\/span>\n\t\t\t\t\t<\/span>\n\t\t\t\t\t<\/a>\n\t\t\t\t<\/div>\n\t\t\t\t\t\t\t\t<\/div>\n\t\t\t\t<\/div>\n\t\t\t\t<div class=\"elementor-element elementor-element-76839c9 elementor-widget elementor-widget-button\" data-id=\"76839c9\" data-element_type=\"widget\" data-e-type=\"widget\" data-widget_type=\"button.default\">\n\t\t\t\t<div class=\"elementor-widget-container\">\n\t\t\t\t\t\t\t\t\t<div class=\"elementor-button-wrapper\">\n\t\t\t\t\t<a class=\"elementor-button elementor-button-link elementor-size-sm\" href=\"https:\/\/mawlanasultan.org\/wp-content\/uploads\/2025\/04\/EyupSultan_2025_01_12_AR.pdf\">\n\t\t\t\t\t\t<span class=\"elementor-button-content-wrapper\">\n\t\t\t\t\t\t\t\t\t<span class=\"elementor-button-text\">Arap\u00e7a PDF<\/span>\n\t\t\t\t\t<\/span>\n\t\t\t\t\t<\/a>\n\t\t\t\t<\/div>\n\t\t\t\t\t\t\t\t<\/div>\n\t\t\t\t<\/div>\n\t\t\t\t\t<\/div>\n\t\t\t\t<\/div>\n\t\t<div class=\"elementor-element elementor-element-4fc7203 e-flex e-con-boxed e-con e-parent\" data-id=\"4fc7203\" data-element_type=\"container\" data-e-type=\"container\">\n\t\t\t\t\t<div class=\"e-con-inner\">\n\t\t\t\t<div class=\"elementor-element elementor-element-c056188 elementor-widget-divider--view-line elementor-widget elementor-widget-divider\" data-id=\"c056188\" data-element_type=\"widget\" data-e-type=\"widget\" data-widget_type=\"divider.default\">\n\t\t\t\t<div class=\"elementor-widget-container\">\n\t\t\t\t\t\t\t<div class=\"elementor-divider\">\n\t\t\t<span class=\"elementor-divider-separator\">\n\t\t\t\t\t\t<\/span>\n\t\t<\/div>\n\t\t\t\t\t\t<\/div>\n\t\t\t\t<\/div>\n\t\t\t\t\t<\/div>\n\t\t\t\t<\/div>\n\t\t\t\t<\/div>\n\t\t\t\t<\/div>\n\t\t\n\t\t\t\t\t\t<\/div>\n\t\t\t\t<\/div>\n\t\t\t\t\t<\/div>\n\t\t\t\t<\/div>\n\t\t\t\t<\/div>","protected":false},"excerpt":{"rendered":"<p>Ey\u00fcp Sultan Dergah\u0131 2025<\/p>","protected":false},"author":1,"featured_media":0,"parent":0,"menu_order":0,"comment_status":"closed","ping_status":"closed","template":"elementor_header_footer","meta":{"_acf_changed":false,"footnotes":""},"class_list":["post-688","page","type-page","status-publish","hentry"],"acf":[],"aioseo_notices":[],"_links":{"self":[{"href":"https:\/\/mawlanasultan.org\/tr\/wp-json\/wp\/v2\/pages\/688","targetHints":{"allow":["GET"]}}],"collection":[{"href":"https:\/\/mawlanasultan.org\/tr\/wp-json\/wp\/v2\/pages"}],"about":[{"href":"https:\/\/mawlanasultan.org\/tr\/wp-json\/wp\/v2\/types\/page"}],"author":[{"embeddable":true,"href":"https:\/\/mawlanasultan.org\/tr\/wp-json\/wp\/v2\/users\/1"}],"replies":[{"embeddable":true,"href":"https:\/\/mawlanasultan.org\/tr\/wp-json\/wp\/v2\/comments?post=688"}],"version-history":[{"count":10,"href":"https:\/\/mawlanasultan.org\/tr\/wp-json\/wp\/v2\/pages\/688\/revisions"}],"predecessor-version":[{"id":1324,"href":"https:\/\/mawlanasultan.org\/tr\/wp-json\/wp\/v2\/pages\/688\/revisions\/1324"}],"wp:attachment":[{"href":"https:\/\/mawlanasultan.org\/tr\/wp-json\/wp\/v2\/media?parent=688"}],"curies":[{"name":"wp","href":"https:\/\/api.w.org\/{rel}","templated":true}]}}