{"id":1658,"date":"2025-05-02T09:06:29","date_gmt":"2025-05-02T09:06:29","guid":{"rendered":"https:\/\/mawlanasultan.org\/?page_id=1658"},"modified":"2025-05-04T04:26:24","modified_gmt":"2025-05-04T04:26:24","slug":"duties-of-shaban","status":"publish","type":"page","link":"https:\/\/mawlanasultan.org\/tr\/duties-of-shaban\/","title":{"rendered":"Duties of Sha&#8217;ban"},"content":{"rendered":"<div data-elementor-type=\"wp-page\" data-elementor-id=\"1658\" class=\"elementor elementor-1658\" data-elementor-post-type=\"page\">\n\t\t\t\t<div class=\"elementor-element elementor-element-c946feb e-flex e-con-boxed e-con e-parent\" data-id=\"c946feb\" data-element_type=\"container\">\n\t\t\t\t\t<div class=\"e-con-inner\">\n\t\t\t\t<div class=\"elementor-element elementor-element-8f233f1 elementor-widget-divider--view-line elementor-widget elementor-widget-divider\" data-id=\"8f233f1\" data-element_type=\"widget\" data-widget_type=\"divider.default\">\n\t\t\t\t<div class=\"elementor-widget-container\">\n\t\t\t\t\t\t\t<div class=\"elementor-divider\">\n\t\t\t<span class=\"elementor-divider-separator\">\n\t\t\t\t\t\t<\/span>\n\t\t<\/div>\n\t\t\t\t\t\t<\/div>\n\t\t\t\t<\/div>\n\t\t\t\t\t<\/div>\n\t\t\t\t<\/div>\n\t\t<div class=\"elementor-element elementor-element-27bdec3 e-flex e-con-boxed e-con e-parent\" data-id=\"27bdec3\" data-element_type=\"container\">\n\t\t\t\t\t<div class=\"e-con-inner\">\n\t\t\t\t<div class=\"elementor-element elementor-element-c02a9c6 elementor-widget elementor-widget-heading\" data-id=\"c02a9c6\" data-element_type=\"widget\" data-widget_type=\"heading.default\">\n\t\t\t\t<div class=\"elementor-widget-container\">\n\t\t\t\t\t<h2 class=\"elementor-heading-title elementor-size-default\">\u015eaban Ay\u0131n\u0131n Vazifeleri<\/h2>\t\t\t\t<\/div>\n\t\t\t\t<\/div>\n\t\t\t\t\t<\/div>\n\t\t\t\t<\/div>\n\t\t<div class=\"elementor-element elementor-element-663e12c e-flex e-con-boxed e-con e-parent\" data-id=\"663e12c\" data-element_type=\"container\">\n\t\t\t\t\t<div class=\"e-con-inner\">\n\t\t\t\t<div class=\"elementor-element elementor-element-d62a16e elementor-widget__width-initial elementor-widget elementor-widget-image\" data-id=\"d62a16e\" data-element_type=\"widget\" data-widget_type=\"image.default\">\n\t\t\t\t<div class=\"elementor-widget-container\">\n\t\t\t\t\t\t\t\t\t\t\t\t\t\t\t<img fetchpriority=\"high\" decoding=\"async\" width=\"800\" height=\"918\" src=\"https:\/\/mawlanasultan.org\/wp-content\/uploads\/2025\/05\/IMG_9806-892x1024.jpg\" class=\"elementor-animation-grow attachment-large size-large wp-image-2032\" alt=\"\" srcset=\"https:\/\/mawlanasultan.org\/wp-content\/uploads\/2025\/05\/IMG_9806-892x1024.jpg 892w, https:\/\/mawlanasultan.org\/wp-content\/uploads\/2025\/05\/IMG_9806-261x300.jpg 261w, https:\/\/mawlanasultan.org\/wp-content\/uploads\/2025\/05\/IMG_9806-768x882.jpg 768w, https:\/\/mawlanasultan.org\/wp-content\/uploads\/2025\/05\/IMG_9806-10x12.jpg 10w, https:\/\/mawlanasultan.org\/wp-content\/uploads\/2025\/05\/IMG_9806.jpg 1115w\" sizes=\"(max-width: 800px) 100vw, 800px\" \/>\t\t\t\t\t\t\t\t\t\t\t\t\t\t\t<\/div>\n\t\t\t\t<\/div>\n\t\t\t\t\t<\/div>\n\t\t\t\t<\/div>\n\t\t<div class=\"elementor-element elementor-element-b26ece2 e-con-full e-flex e-con e-parent\" data-id=\"b26ece2\" data-element_type=\"container\">\n\t\t\t\t<div class=\"elementor-element elementor-element-328083e elementor-grid-1 elementor-widget__width-initial elementor-grid-tablet-2 elementor-grid-mobile-1 elementor-widget elementor-widget-loop-grid\" data-id=\"328083e\" data-element_type=\"widget\" data-settings=\"{&quot;template_id&quot;:1696,&quot;columns&quot;:1,&quot;_skin&quot;:&quot;post&quot;,&quot;columns_tablet&quot;:&quot;2&quot;,&quot;columns_mobile&quot;:&quot;1&quot;,&quot;edit_handle_selector&quot;:&quot;[data-elementor-type=\\&quot;loop-item\\&quot;]&quot;,&quot;row_gap&quot;:{&quot;unit&quot;:&quot;px&quot;,&quot;size&quot;:&quot;&quot;,&quot;sizes&quot;:[]},&quot;row_gap_tablet&quot;:{&quot;unit&quot;:&quot;px&quot;,&quot;size&quot;:&quot;&quot;,&quot;sizes&quot;:[]},&quot;row_gap_mobile&quot;:{&quot;unit&quot;:&quot;px&quot;,&quot;size&quot;:&quot;&quot;,&quot;sizes&quot;:[]}}\" data-widget_type=\"loop-grid.post\">\n\t\t\t\t<div class=\"elementor-widget-container\">\n\t\t\t\t\t\t\t<div class=\"elementor-loop-container elementor-grid\">\n\t\t<style id=\"loop-1696\">.elementor-1696 .elementor-element.elementor-element-23bca03{--display:grid;--min-height:0px;--e-con-grid-template-columns:repeat(2, 1fr);--e-con-grid-template-rows:repeat(2, 1fr);--gap:14px 14px;--row-gap:14px;--column-gap:14px;--grid-auto-flow:row;--justify-items:center;}.elementor-1696 .elementor-element.elementor-element-23bca03.e-con{--flex-grow:0;--flex-shrink:0;}.elementor-widget-button .elementor-button{background-color:var( --e-global-color-accent );font-family:var( --e-global-typography-accent-font-family ), Sans-serif;font-weight:var( --e-global-typography-accent-font-weight );}.elementor-1696 .elementor-element.elementor-element-3a93189 .elementor-button{background-color:var( --e-global-color-50f163c );fill:#000000;color:#000000;}.elementor-1696 .elementor-element.elementor-element-3a93189{grid-column:span 1;}.elementor-1696 .elementor-element.elementor-element-3a93189.elementor-element{--order:-99999 \/* order start hack *\/;}.elementor-1696 .elementor-element.elementor-element-d207b99 .elementor-button{background-color:var( --e-global-color-50f163c );fill:#000000;color:#000000;}.elementor-1696 .elementor-element.elementor-element-12fe1ff .elementor-button{background-color:var( --e-global-color-50f163c );fill:#000000;color:#000000;}.elementor-1696 .elementor-element.elementor-element-ac203e8 .elementor-button{background-color:var( --e-global-color-50f163c );fill:#000000;color:#000000;}.elementor-1696 .elementor-element.elementor-element-31dc9db .elementor-button{background-color:var( --e-global-color-50f163c );fill:#000000;color:#000000;}.elementor-1696 .elementor-element.elementor-element-c45cf48 .elementor-button{background-color:var( --e-global-color-50f163c );fill:#000000;color:#000000;}.elementor-1696 .elementor-element.elementor-element-ae7e1c7 .elementor-button{background-color:var( --e-global-color-50f163c );fill:#000000;color:#000000;}@media(max-width:1024px){.elementor-1696 .elementor-element.elementor-element-23bca03{--grid-auto-flow:row;}}@media(min-width:768px){.elementor-1696 .elementor-element.elementor-element-23bca03{--width:32%;}}@media(max-width:767px){.elementor-1696 .elementor-element.elementor-element-23bca03{--e-con-grid-template-columns:repeat(1, 1fr);--grid-auto-flow:row;}}<\/style>\t\t<div data-elementor-type=\"loop-item\" data-elementor-id=\"1696\" class=\"elementor elementor-1696 e-loop-item e-loop-item-2026 post-2026 books type-books status-publish hentry book-category-duties-of-shaban\" data-elementor-post-type=\"elementor_library\" data-custom-edit-handle=\"1\">\n\t\t\t<div class=\"elementor-element elementor-element-23bca03 e-grid e-con-full e-con e-parent\" data-id=\"23bca03\" data-element_type=\"container\">\n\t\t\t\t<div class=\"elementor-element elementor-element-3a93189 elementor-widget elementor-widget-button\" data-id=\"3a93189\" data-element_type=\"widget\" data-widget_type=\"button.default\">\n\t\t\t\t<div class=\"elementor-widget-container\">\n\t\t\t\t\t\t\t\t\t<div class=\"elementor-button-wrapper\">\n\t\t\t\t\t<a class=\"elementor-button elementor-button-link elementor-size-sm\" href=\"https:\/\/mawlanasultan.org\/wp-content\/uploads\/2025\/05\/Duties_of_Shaban_EN.pdf\">\n\t\t\t\t\t\t<span class=\"elementor-button-content-wrapper\">\n\t\t\t\t\t\t\t\t\t<span class=\"elementor-button-text\">\u0130ngilizce PDF<\/span>\n\t\t\t\t\t<\/span>\n\t\t\t\t\t<\/a>\n\t\t\t\t<\/div>\n\t\t\t\t\t\t\t\t<\/div>\n\t\t\t\t<\/div>\n\t\t\t\t<div class=\"elementor-element elementor-element-d207b99 elementor-widget elementor-widget-button\" data-id=\"d207b99\" data-element_type=\"widget\" data-widget_type=\"button.default\">\n\t\t\t\t<div class=\"elementor-widget-container\">\n\t\t\t\t\t\t\t\t\t<div class=\"elementor-button-wrapper\">\n\t\t\t\t\t<a class=\"elementor-button elementor-button-link elementor-size-sm\" href=\"https:\/\/mawlanasultan.org\/wp-content\/uploads\/2025\/05\/Duties_of_Shaban_AR.pdf\">\n\t\t\t\t\t\t<span class=\"elementor-button-content-wrapper\">\n\t\t\t\t\t\t\t\t\t<span class=\"elementor-button-text\">Arap\u00e7a PDF<\/span>\n\t\t\t\t\t<\/span>\n\t\t\t\t\t<\/a>\n\t\t\t\t<\/div>\n\t\t\t\t\t\t\t\t<\/div>\n\t\t\t\t<\/div>\n\t\t\t\t<div class=\"elementor-element elementor-element-12fe1ff elementor-widget elementor-widget-button\" data-id=\"12fe1ff\" data-element_type=\"widget\" data-widget_type=\"button.default\">\n\t\t\t\t<div class=\"elementor-widget-container\">\n\t\t\t\t\t\t\t\t\t<div class=\"elementor-button-wrapper\">\n\t\t\t\t\t<a class=\"elementor-button elementor-button-link elementor-size-sm\" href=\"https:\/\/mawlanasultan.org\/wp-content\/uploads\/2025\/05\/Duties_of_Shaban_TR.pdf\">\n\t\t\t\t\t\t<span class=\"elementor-button-content-wrapper\">\n\t\t\t\t\t\t\t\t\t<span class=\"elementor-button-text\">T\u00fcrk\u00e7e PDF<\/span>\n\t\t\t\t\t<\/span>\n\t\t\t\t\t<\/a>\n\t\t\t\t<\/div>\n\t\t\t\t\t\t\t\t<\/div>\n\t\t\t\t<\/div>\n\t\t\t\t<div class=\"elementor-element elementor-element-ac203e8 elementor-widget elementor-widget-button\" data-id=\"ac203e8\" data-element_type=\"widget\" data-widget_type=\"button.default\">\n\t\t\t\t<div class=\"elementor-widget-container\">\n\t\t\t\t\t\t\t\t\t<div class=\"elementor-button-wrapper\">\n\t\t\t\t\t<a class=\"elementor-button elementor-button-link elementor-size-sm\" href=\"https:\/\/mawlanasultan.org\/wp-content\/uploads\/2025\/05\/Duties_of_Shaban_RU.pdf\">\n\t\t\t\t\t\t<span class=\"elementor-button-content-wrapper\">\n\t\t\t\t\t\t\t\t\t<span class=\"elementor-button-text\">Rus\u00e7a PDF<\/span>\n\t\t\t\t\t<\/span>\n\t\t\t\t\t<\/a>\n\t\t\t\t<\/div>\n\t\t\t\t\t\t\t\t<\/div>\n\t\t\t\t<\/div>\n\t\t\t\t<\/div>\n\t\t\t\t<\/div>\n\t\t\t\t<\/div>\n\t\t\n\t\t\t\t\t\t<\/div>\n\t\t\t\t<\/div>\n\t\t\t\t<\/div>\n\t\t\t\t<\/div>","protected":false},"excerpt":{"rendered":"<p>\u015eaban Ay\u0131n\u0131n Vazifeleri<\/p>","protected":false},"author":1,"featured_media":0,"parent":0,"menu_order":0,"comment_status":"closed","ping_status":"closed","template":"elementor_header_footer","meta":{"_acf_changed":false,"footnotes":""},"class_list":["post-1658","page","type-page","status-publish","hentry"],"acf":[],"aioseo_notices":[],"_links":{"self":[{"href":"https:\/\/mawlanasultan.org\/tr\/wp-json\/wp\/v2\/pages\/1658","targetHints":{"allow":["GET"]}}],"collection":[{"href":"https:\/\/mawlanasultan.org\/tr\/wp-json\/wp\/v2\/pages"}],"about":[{"href":"https:\/\/mawlanasultan.org\/tr\/wp-json\/wp\/v2\/types\/page"}],"author":[{"embeddable":true,"href":"https:\/\/mawlanasultan.org\/tr\/wp-json\/wp\/v2\/users\/1"}],"replies":[{"embeddable":true,"href":"https:\/\/mawlanasultan.org\/tr\/wp-json\/wp\/v2\/comments?post=1658"}],"version-history":[{"count":7,"href":"https:\/\/mawlanasultan.org\/tr\/wp-json\/wp\/v2\/pages\/1658\/revisions"}],"predecessor-version":[{"id":2043,"href":"https:\/\/mawlanasultan.org\/tr\/wp-json\/wp\/v2\/pages\/1658\/revisions\/2043"}],"wp:attachment":[{"href":"https:\/\/mawlanasultan.org\/tr\/wp-json\/wp\/v2\/media?parent=1658"}],"curies":[{"name":"wp","href":"https:\/\/api.w.org\/{rel}","templated":true}]}}