{"id":1600,"date":"2025-05-02T08:42:01","date_gmt":"2025-05-02T08:42:01","guid":{"rendered":"https:\/\/mawlanasultan.org\/?page_id=1600"},"modified":"2025-05-04T05:29:16","modified_gmt":"2025-05-04T05:29:16","slug":"naqshbandi-masters-of-golden-chain","status":"publish","type":"page","link":"https:\/\/mawlanasultan.org\/tr\/naqshbandi-masters-of-golden-chain\/","title":{"rendered":"Nak\u015fibendi Silsile-i \u00c2liyye Me\u015fayihleri"},"content":{"rendered":"<div data-elementor-type=\"wp-page\" data-elementor-id=\"1600\" class=\"elementor elementor-1600\" data-elementor-post-type=\"page\">\n\t\t\t\t<div class=\"elementor-element elementor-element-8a8e0a6 e-flex e-con-boxed e-con e-parent\" data-id=\"8a8e0a6\" data-element_type=\"container\" data-e-type=\"container\">\n\t\t\t\t\t<div class=\"e-con-inner\">\n\t\t\t\t<div class=\"elementor-element elementor-element-dac1b4e elementor-widget-divider--view-line elementor-widget elementor-widget-divider\" data-id=\"dac1b4e\" data-element_type=\"widget\" data-e-type=\"widget\" data-widget_type=\"divider.default\">\n\t\t\t\t<div class=\"elementor-widget-container\">\n\t\t\t\t\t\t\t<div class=\"elementor-divider\">\n\t\t\t<span class=\"elementor-divider-separator\">\n\t\t\t\t\t\t<\/span>\n\t\t<\/div>\n\t\t\t\t\t\t<\/div>\n\t\t\t\t<\/div>\n\t\t\t\t\t<\/div>\n\t\t\t\t<\/div>\n\t\t<div class=\"elementor-element elementor-element-b603314 e-con-full e-flex e-con e-parent\" data-id=\"b603314\" data-element_type=\"container\" data-e-type=\"container\">\n\t\t\t\t<div class=\"elementor-element elementor-element-8763d7f elementor-widget-tablet__width-initial elementor-widget-mobile__width-initial elementor-widget elementor-widget-heading\" data-id=\"8763d7f\" data-element_type=\"widget\" data-e-type=\"widget\" data-widget_type=\"heading.default\">\n\t\t\t\t<div class=\"elementor-widget-container\">\n\t\t\t\t\t<h2 class=\"elementor-heading-title elementor-size-default\">Nak\u015fibendi Silsile-i \u00c2liyye Me\u015fayihleri<\/h2>\t\t\t\t<\/div>\n\t\t\t\t<\/div>\n\t\t\t\t<\/div>\n\t\t<div class=\"elementor-element elementor-element-71308a9 e-con-full e-flex e-con e-parent\" data-id=\"71308a9\" data-element_type=\"container\" data-e-type=\"container\" data-settings=\"{&quot;background_background&quot;:&quot;classic&quot;}\">\n\t\t\t\t<div class=\"elementor-element elementor-element-65feda3 elementor-widget elementor-widget-text-editor\" data-id=\"65feda3\" data-element_type=\"widget\" data-e-type=\"widget\" data-widget_type=\"text-editor.default\">\n\t\t\t\t<div class=\"elementor-widget-container\">\n\t\t\t\t\t\t\t\t\t<p><b><i>Nak\u015fibendi Tarikat\u0131n Silsile-i \u00c2liyye Me\u015fayihleri<\/i><\/b><\/p>\t\t\t\t\t\t\t\t<\/div>\n\t\t\t\t<\/div>\n\t\t\t\t<div class=\"elementor-element elementor-element-2777a96 elementor-widget elementor-widget-text-editor\" data-id=\"2777a96\" data-element_type=\"widget\" data-e-type=\"widget\" data-widget_type=\"text-editor.default\">\n\t\t\t\t<div class=\"elementor-widget-container\">\n\t\t\t\t\t\t\t\t\t<ol><li>Sayyidina Mu\u1e25ammad \ufdfa<\/li><li>Abu Bakr as-Siddiq (ra)<\/li><li>Sayyidina Salman al-Farisi<\/li><li>Q\u0101sim ibn Mu\u1e25ammad ibn Ab\u012b Bakr \u0642<\/li><li>Ja\u2019far al-\u1e62\u0101diq \u0642<\/li><li>\u1e6cayf\u016br Bayaz\u012bd al-Bas\u1e6d\u0101m\u012b \u0642<\/li><li>Abu al-Hassan al-Kharaqani \u0642<\/li><li>Abu Ali al-Farmadi \u0642<\/li><li>Khw\u0101ja Ab\u016b Ya\u02bfq\u016bb Y\u016bsuf\u00a0al-Hamadani\u0642<\/li><li>Abu l-Abbas, Al-Khidr<\/li><li>Khw\u0101ja Abdul Khaliq al-Ghijduwani \u0642<\/li><li>Khw\u0101ja Arif Riwgari\u0642<\/li><li>Khw\u0101ja Mahmood Anjir al-Faghnawi<\/li><li>Khw\u0101ja Ali Ramitani \u0642<\/li><li>Khw\u0101ja Mohammad Baba As-Samasi \u0642<\/li><li>Khw\u0101ja Sayyid Amir Kul\u0101l \u0642<\/li><li>Muhammad Baha\u2019uddin Naqshband\u0642<\/li><li>Alauddin al-Attar \u0642<\/li><li>Khw\u0101ja Ya\u02bfq\u016bb al-Charkh\u012b\u0642<\/li><li>Khw\u0101ja UbayduLlah al-A\u1e25rar \u0642<\/li><li>Khw\u0101ja Muhammad Zahid \u0642<\/li><li>Khw\u0101ja Darwish Muhammad\u0642<\/li><li>Khw\u0101ja Muhammad al-Amkanaki\u0642<\/li><li>Khw\u0101ja Muhammad Baqi Bi-Llah \u0642<\/li><li>Ahmad al-Faruqi as-Sirhindi\u0642<\/li><li>Khw\u0101ja Muhammad Ma\u2019sum\u0642<\/li><li>Khw\u0101ja Muhammad Sayfuddin\u0642<\/li><li>Sayyid Nur Muhammad al-Badawani \u0642<\/li><li>Shams-ud-D\u012bn Hab\u012bb All\u0101h\u0642<\/li><li>Shah Abdullah ad-Dahlawi \u0642<\/li><li>Shaykh Khalid al-Baghdadi \u0642<\/li><li>Shaykh Ismail Muhammad ash-Shirwani \u0642<\/li><li>Shaykh Khas Muhammad ash-Shirwani\u0642<\/li><li>Shaykh Muhammad Effendi al-Yar\u0101ghi \u0642<\/li><li>Shaykh Jamaluddin al-Ghumuki al-Husayni \u0642<\/li><li>Shaykh Abu Ahmad as-Sughuri \u0642<\/li><li>Shaykh Abu Muhammad al-Madani\u0642<\/li><li>Mawlana Shaykh Sharafuddin ad-Daghestani \u0642<\/li><li>Mawlana Shaykh Abdullah al-Fa\u2019iz ad-Daghestani \u0642<\/li><li>Mawlana Shaykh Muhammad N\u0101\u1e93im Adil al-Haqqani \u0642<\/li><li>Mawlana Shaykh Muhammad Adil ar-Rabbani \u0642<\/li><\/ol>\t\t\t\t\t\t\t\t<\/div>\n\t\t\t\t<\/div>\n\t\t\t\t<\/div>\n\t\t\t\t<\/div>","protected":false},"excerpt":{"rendered":"<p>Naqshband\u012b Masters of the Golden Chain The Chain of Succession of Sufi Masters in the Most Distinguished Naqshband\u012b \u1e6car\u012bqah Sayyidina Mu\u1e25ammad \ufdfa Abu Bakr as-Siddiq (ra) Sayyidina Salman al-Farisi Q\u0101sim ibn Mu\u1e25ammad ibn Ab\u012b Bakr \u0642 Ja\u2019far al-\u1e62\u0101diq \u0642 \u1e6cayf\u016br Bayaz\u012bd al-Bas\u1e6d\u0101m\u012b \u0642 Abu al-Hassan al-Kharaqani \u0642 Abu Ali al-Farmadi \u0642 Khw\u0101ja Ab\u016b Ya\u02bfq\u016bb Y\u016bsuf\u00a0al-Hamadani\u0642 [&hellip;]<\/p>","protected":false},"author":1,"featured_media":0,"parent":0,"menu_order":0,"comment_status":"closed","ping_status":"closed","template":"elementor_header_footer","meta":{"_acf_changed":false,"footnotes":""},"class_list":["post-1600","page","type-page","status-publish","hentry"],"acf":[],"aioseo_notices":[],"_links":{"self":[{"href":"https:\/\/mawlanasultan.org\/tr\/wp-json\/wp\/v2\/pages\/1600","targetHints":{"allow":["GET"]}}],"collection":[{"href":"https:\/\/mawlanasultan.org\/tr\/wp-json\/wp\/v2\/pages"}],"about":[{"href":"https:\/\/mawlanasultan.org\/tr\/wp-json\/wp\/v2\/types\/page"}],"author":[{"embeddable":true,"href":"https:\/\/mawlanasultan.org\/tr\/wp-json\/wp\/v2\/users\/1"}],"replies":[{"embeddable":true,"href":"https:\/\/mawlanasultan.org\/tr\/wp-json\/wp\/v2\/comments?post=1600"}],"version-history":[{"count":28,"href":"https:\/\/mawlanasultan.org\/tr\/wp-json\/wp\/v2\/pages\/1600\/revisions"}],"predecessor-version":[{"id":2111,"href":"https:\/\/mawlanasultan.org\/tr\/wp-json\/wp\/v2\/pages\/1600\/revisions\/2111"}],"wp:attachment":[{"href":"https:\/\/mawlanasultan.org\/tr\/wp-json\/wp\/v2\/media?parent=1600"}],"curies":[{"name":"wp","href":"https:\/\/api.w.org\/{rel}","templated":true}]}}