{"id":1185,"date":"2025-05-01T06:22:12","date_gmt":"2025-05-01T06:22:12","guid":{"rendered":"https:\/\/mawlanasultan.org\/?page_id=1185"},"modified":"2025-05-18T15:23:07","modified_gmt":"2025-05-18T15:23:07","slug":"mawlana-shaykh-abdu-llah-ad-daghestani","status":"publish","type":"page","link":"https:\/\/mawlanasultan.org\/tr\/mawlana-shaykh-abdu-llah-ad-daghestani\/","title":{"rendered":"Mevlana \u015eeyh AbduLl\u0101h ed-Dagest\u0101n\u012b"},"content":{"rendered":"<div data-elementor-type=\"wp-page\" data-elementor-id=\"1185\" class=\"elementor elementor-1185\" data-elementor-post-type=\"page\">\n\t\t\t\t<div class=\"elementor-element elementor-element-093944e e-con-full e-flex e-con e-parent\" data-id=\"093944e\" data-element_type=\"container\" data-e-type=\"container\">\n\t\t\t\t<div class=\"elementor-element elementor-element-e07833f elementor-widget-divider--view-line elementor-widget elementor-widget-divider\" data-id=\"e07833f\" data-element_type=\"widget\" data-e-type=\"widget\" data-widget_type=\"divider.default\">\n\t\t\t\t<div class=\"elementor-widget-container\">\n\t\t\t\t\t\t\t<div class=\"elementor-divider\">\n\t\t\t<span class=\"elementor-divider-separator\">\n\t\t\t\t\t\t<\/span>\n\t\t<\/div>\n\t\t\t\t\t\t<\/div>\n\t\t\t\t<\/div>\n\t\t\t\t<\/div>\n\t\t<div class=\"elementor-element elementor-element-ad0d49c e-con-full e-flex e-con e-parent\" data-id=\"ad0d49c\" data-element_type=\"container\" data-e-type=\"container\">\n\t\t\t\t<div class=\"elementor-element elementor-element-04eae96 elementor-widget-tablet__width-initial elementor-widget elementor-widget-heading\" data-id=\"04eae96\" data-element_type=\"widget\" data-e-type=\"widget\" data-widget_type=\"heading.default\">\n\t\t\t\t<div class=\"elementor-widget-container\">\n\t\t\t\t\t<h2 class=\"elementor-heading-title elementor-size-default\">Mevlana \u015eeyh Abdullah ed-Da\u011f\u0131stani'nin Biyografisi<\/h2>\t\t\t\t<\/div>\n\t\t\t\t<\/div>\n\t\t\t\t<\/div>\n\t\t<div class=\"elementor-element elementor-element-6ba3f66 e-flex e-con-boxed e-con e-parent\" data-id=\"6ba3f66\" data-element_type=\"container\" data-e-type=\"container\">\n\t\t\t\t\t<div class=\"e-con-inner\">\n\t\t\t\t<div class=\"elementor-element elementor-element-50db9ce elementor-widget elementor-widget-spacer\" data-id=\"50db9ce\" data-element_type=\"widget\" data-e-type=\"widget\" data-widget_type=\"spacer.default\">\n\t\t\t\t<div class=\"elementor-widget-container\">\n\t\t\t\t\t\t\t<div class=\"elementor-spacer\">\n\t\t\t<div class=\"elementor-spacer-inner\"><\/div>\n\t\t<\/div>\n\t\t\t\t\t\t<\/div>\n\t\t\t\t<\/div>\n\t\t\t\t\t<\/div>\n\t\t\t\t<\/div>\n\t\t<div class=\"elementor-element elementor-element-2a04c19 e-con-full e-flex e-con e-parent\" data-id=\"2a04c19\" data-element_type=\"container\" data-e-type=\"container\">\n\t\t<div class=\"elementor-element elementor-element-18f94e0 e-con-full e-flex e-con e-child\" data-id=\"18f94e0\" data-element_type=\"container\" data-e-type=\"container\">\n\t\t\t\t<div class=\"elementor-element elementor-element-4b0084f elementor-widget__width-initial elementor-widget elementor-widget-image\" data-id=\"4b0084f\" data-element_type=\"widget\" data-e-type=\"widget\" data-widget_type=\"image.default\">\n\t\t\t\t<div class=\"elementor-widget-container\">\n\t\t\t\t\t\t\t\t\t\t\t\t\t\t\t<img fetchpriority=\"high\" decoding=\"async\" width=\"800\" height=\"856\" src=\"https:\/\/mawlanasultan.org\/wp-content\/uploads\/2025\/05\/IMG_9708-957x1024.jpg\" class=\"attachment-large size-large wp-image-1436\" alt=\"\" srcset=\"https:\/\/mawlanasultan.org\/wp-content\/uploads\/2025\/05\/IMG_9708-957x1024.jpg 957w, https:\/\/mawlanasultan.org\/wp-content\/uploads\/2025\/05\/IMG_9708-280x300.jpg 280w, https:\/\/mawlanasultan.org\/wp-content\/uploads\/2025\/05\/IMG_9708-768x822.jpg 768w, https:\/\/mawlanasultan.org\/wp-content\/uploads\/2025\/05\/IMG_9708-11x12.jpg 11w, https:\/\/mawlanasultan.org\/wp-content\/uploads\/2025\/05\/IMG_9708.jpg 1238w\" sizes=\"(max-width: 800px) 100vw, 800px\" \/>\t\t\t\t\t\t\t\t\t\t\t\t\t\t\t<\/div>\n\t\t\t\t<\/div>\n\t\t\t\t<\/div>\n\t\t\t\t<div class=\"elementor-element elementor-element-99d34b9 elementor-widget elementor-widget-spacer\" data-id=\"99d34b9\" data-element_type=\"widget\" data-e-type=\"widget\" data-widget_type=\"spacer.default\">\n\t\t\t\t<div class=\"elementor-widget-container\">\n\t\t\t\t\t\t\t<div class=\"elementor-spacer\">\n\t\t\t<div class=\"elementor-spacer-inner\"><\/div>\n\t\t<\/div>\n\t\t\t\t\t\t<\/div>\n\t\t\t\t<\/div>\n\t\t\t\t<div class=\"elementor-element elementor-element-53ea10f elementor-widget__width-initial elementor-widget-mobile__width-initial elementor-widget elementor-widget-text-editor\" data-id=\"53ea10f\" data-element_type=\"widget\" data-e-type=\"widget\" data-widget_type=\"text-editor.default\">\n\t\t\t\t<div class=\"elementor-widget-container\">\n\t\t\t\t\t\t\t\t\t<p>Mevlana \u015eeyh Abd\u00fcLlah el-Faiz ed-Da\u011f\u0131st\u00e2n\u00ee, Nak\u015fibendi Tarikat\u0131\u2019n\u0131n Alt\u0131n Silsile 39. \u0130mam\u0131 ve \u015eeyhiydi. Mevlana \u015eeyh Abd\u00fcLlah el-Da\u011f\u0131st\u00e2n\u00ee, o zamanlar Rus \u0130mparatorlu\u011fu\u2019nun bir par\u00e7as\u0131 olan Da\u011f\u0131stan\u2019\u0131n Kuzey Kafkasya b\u00f6lgesinde do\u011fdu. Hem babas\u0131 hem de a\u011fabeyi t\u0131p doktoruydu, ikincisi Rus \u0130mparatorluk Ordusu\u2019nda cerraht\u0131. \u015eeyh Abd\u00fcllahaddin, day\u0131s\u0131 ve \u015eeyh Mevlana \u015eeyh \u015eerafuddin ed-Da\u011f\u0131st\u00e2n\u00ee (1875-1936) taraf\u0131ndan b\u00fcy\u00fct\u00fcld\u00fc ve e\u011fitildi.<\/p><p>\u00a0<\/p><p>1890\u2019lar\u0131n sonlar\u0131nda, Mevlana \u015eeyh Abd\u00fcllah\u2019\u0131n ailesi, 1870\u2019lerde g\u00f6\u00e7 eden amcas\u0131 Mevlana \u015eeyh \u015eerafeddin\u2019in ard\u0131ndan Osmanl\u0131 \u0130mparatorlu\u011fu\u2019na g\u00f6\u00e7 etti. Kuzeybat\u0131 Anadolu \u015fehri Bursa\u2019ya yerle\u015ftiler ve bir y\u0131l sonra T\u00fcrkiye\u2019nin Yalova ilindeki Re\u015fadiye k\u00f6y\u00fcne, yani \u015fu anda G\u00fcneyk\u00f6y olarak bilinen yere ta\u015f\u0131nd\u0131lar. Yeni k\u00f6y, padi\u015fah taraf\u0131ndan verilen topraklar \u00fczerine kurulmu\u015ftu ve 93 Sava\u015f\u0131\u2019ndan ve Rus \u0130mparatorlu\u011fu\u2019na kar\u015f\u0131 ayaklanmadan etkilenen Da\u011f\u0131stanl\u0131 m\u00fcltecilerle doluydu. K\u0131sa bir s\u00fcre sonra, \u015eeyh Abd\u00fcllah\u2019\u0131n babas\u0131 \u00f6ld\u00fc.<\/p>\t\t\t\t\t\t\t\t<\/div>\n\t\t\t\t<\/div>\n\t\t\t\t<\/div>\n\t\t<div class=\"elementor-element elementor-element-f226b93 e-con-full e-flex e-con e-parent\" data-id=\"f226b93\" data-element_type=\"container\" data-e-type=\"container\">\n\t\t\t\t<div class=\"elementor-element elementor-element-29a39dc elementor-widget elementor-widget-text-editor\" data-id=\"29a39dc\" data-element_type=\"widget\" data-e-type=\"widget\" data-widget_type=\"text-editor.default\">\n\t\t\t\t<div class=\"elementor-widget-container\">\n\t\t\t\t\t\t\t\t\t<p>1910\u2019da, evlili\u011finden sadece alt\u0131 ay sonra, \u015eeyh \u015eerafuddin, \u015eeyh AbduLl\u0101h\u2019a be\u015f y\u0131ll\u0131\u011f\u0131na bir halvet girmesini emretti. Bu uygulama, onun manevi r\u00fctbesini y\u00fckseltmeyi ama\u00e7layan ciddi \u00e7ileleri i\u00e7eriyordu. \u015eeyh AbduLl\u0101h\u2019\u0131n halveti sona erdi\u011finde, Osmanl\u0131 \u0130mparatorlu\u011fu Birinci D\u00fcnya Sava\u015f\u0131\u2019na kar\u0131\u015fm\u0131\u015ft\u0131. K\u00f6y\u00fcndeki bir\u00e7ok gen\u00e7 adamla birlikte \u015eeyh AbduLl\u0101h askerlik hizmetine girdi ve Gelibolu Muharebesi\u2019ne kat\u0131ld\u0131. Bir \u00e7at\u0131\u015fma s\u0131ras\u0131nda d\u00fc\u015fman ate\u015fiyle a\u011f\u0131r yaraland\u0131.<\/p>\t\t\t\t\t\t\t\t<\/div>\n\t\t\t\t<\/div>\n\t\t\t\t<\/div>\n\t\t<div class=\"elementor-element elementor-element-bc41dc8 e-flex e-con-boxed e-con e-parent\" data-id=\"bc41dc8\" data-element_type=\"container\" data-e-type=\"container\">\n\t\t\t\t\t<div class=\"e-con-inner\">\n\t\t<div class=\"elementor-element elementor-element-d0524ba e-con-full e-flex e-con e-child\" data-id=\"d0524ba\" data-element_type=\"container\" data-e-type=\"container\">\n\t\t\t\t<div class=\"elementor-element elementor-element-b7c5587 elementor-widget elementor-widget-image\" data-id=\"b7c5587\" data-element_type=\"widget\" data-e-type=\"widget\" data-widget_type=\"image.default\">\n\t\t\t\t<div class=\"elementor-widget-container\">\n\t\t\t\t\t\t\t\t\t\t\t\t\t\t\t<img decoding=\"async\" width=\"320\" height=\"247\" src=\"https:\/\/mawlanasultan.org\/wp-content\/uploads\/2025\/05\/IMG_9724.jpg\" class=\"attachment-large size-large wp-image-1437\" alt=\"\" srcset=\"https:\/\/mawlanasultan.org\/wp-content\/uploads\/2025\/05\/IMG_9724.jpg 320w, https:\/\/mawlanasultan.org\/wp-content\/uploads\/2025\/05\/IMG_9724-300x232.jpg 300w, https:\/\/mawlanasultan.org\/wp-content\/uploads\/2025\/05\/IMG_9724-16x12.jpg 16w\" sizes=\"(max-width: 320px) 100vw, 320px\" \/>\t\t\t\t\t\t\t\t\t\t\t\t\t\t\t<\/div>\n\t\t\t\t<\/div>\n\t\t\t\t<\/div>\n\t\t<div class=\"elementor-element elementor-element-5f90da6 e-con-full e-flex e-con e-child\" data-id=\"5f90da6\" data-element_type=\"container\" data-e-type=\"container\">\n\t\t\t\t<div class=\"elementor-element elementor-element-eda91a3 elementor-widget elementor-widget-text-editor\" data-id=\"eda91a3\" data-element_type=\"widget\" data-e-type=\"widget\" data-widget_type=\"text-editor.default\">\n\t\t\t\t<div class=\"elementor-widget-container\">\n\t\t\t\t\t\t\t\t\t<p>1921\u2019de \u015eeyh Abdu L\u0101h, \u015eeyh \u015eerafuddin taraf\u0131ndan be\u015f y\u0131l daha inzivaya \u00e7ekilmesi talimat\u0131n\u0131 ald\u0131. Bunu tamamlad\u0131 ve ard\u0131ndan Nak\u015fibendi tarikat\u0131nda \u015eeyh olmak i\u00e7in icazet ald\u0131. \u015eeyh AbduL\u0101h ve ailesi, hayat\u0131n\u0131n geri kalan\u0131n\u0131 ge\u00e7irece\u011fi Suriye\u2019ye ta\u015f\u0131nd\u0131. Bir s\u00fcre Halep\u2019te ikamet etti, Humus\u2019a ve ard\u0131ndan \u015eam\u2019a, aziz Sadeddin Cibavi\u2019nin t\u00fcrbesinin yak\u0131n\u0131na ta\u015f\u0131nd\u0131. Orada ilk Dergah\u0131 kurdu. 1943\u2019te Kasiyun Da\u011f\u0131\u2019daki bir eve ta\u015f\u0131nd\u0131. \u015eeyh AbduL\u0101h, 30 Eyl\u00fcl 1973\u2019te \u015eam\u2019da vefat etti. Kasiyun Da\u011f\u0131\u2019daki bu ev, \u015fu anda Makam\u0131n\u0131n ve biti\u015fi\u011findeki caminin bulundu\u011fu yerdir.<\/p>\t\t\t\t\t\t\t\t<\/div>\n\t\t\t\t<\/div>\n\t\t\t\t<\/div>\n\t\t\t\t\t<\/div>\n\t\t\t\t<\/div>\n\t\t<div class=\"elementor-element elementor-element-ff74575 e-con-full e-flex e-con e-parent\" data-id=\"ff74575\" data-element_type=\"container\" data-e-type=\"container\">\n\t\t<div class=\"elementor-element elementor-element-23c9fe6 e-con-full e-flex e-con e-child\" data-id=\"23c9fe6\" data-element_type=\"container\" data-e-type=\"container\">\n\t\t<div class=\"elementor-element elementor-element-2668f5d e-con-full e-flex e-con e-child\" data-id=\"2668f5d\" data-element_type=\"container\" data-e-type=\"container\">\n\t\t\t\t<div class=\"elementor-element elementor-element-e556625 elementor-widget elementor-widget-image\" data-id=\"e556625\" data-element_type=\"widget\" data-e-type=\"widget\" data-widget_type=\"image.default\">\n\t\t\t\t<div class=\"elementor-widget-container\">\n\t\t\t\t\t\t\t\t\t\t\t\t<figure class=\"wp-caption\">\n\t\t\t\t\t\t\t\t\t\t<img decoding=\"async\" width=\"600\" height=\"341\" src=\"https:\/\/mawlanasultan.org\/wp-content\/uploads\/2025\/05\/shaykh-nazim-al-haqqani-with-shaykh-abdullah-faiz-daghestani.avif\" class=\"attachment-large size-large wp-image-1412\" alt=\"\" srcset=\"https:\/\/mawlanasultan.org\/wp-content\/uploads\/2025\/05\/shaykh-nazim-al-haqqani-with-shaykh-abdullah-faiz-daghestani.avif 600w, https:\/\/mawlanasultan.org\/wp-content\/uploads\/2025\/05\/shaykh-nazim-al-haqqani-with-shaykh-abdullah-faiz-daghestani-300x171.avif 300w, https:\/\/mawlanasultan.org\/wp-content\/uploads\/2025\/05\/shaykh-nazim-al-haqqani-with-shaykh-abdullah-faiz-daghestani-18x10.avif 18w\" sizes=\"(max-width: 600px) 100vw, 600px\" \/>\t\t\t\t\t\t\t\t\t\t\t<figcaption class=\"widget-image-caption wp-caption-text\">\u015eeyh Abdullah el-Fa'iz ad-Da\u011festani (Solda) ve \u015eeyh Naz\u0131m Adil el-Hakkani (Sa\u011fda)<\/figcaption>\n\t\t\t\t\t\t\t\t\t\t<\/figure>\n\t\t\t\t\t\t\t\t\t<\/div>\n\t\t\t\t<\/div>\n\t\t\t\t<div class=\"elementor-element elementor-element-a55a885 elementor-widget elementor-widget-text-editor\" data-id=\"a55a885\" data-element_type=\"widget\" data-e-type=\"widget\" data-widget_type=\"text-editor.default\">\n\t\t\t\t<div class=\"elementor-widget-container\">\n\t\t\t\t\t\t\t\t\t<p>Mevlana \u015eeyh AbduL\u0101h, vefat\u0131ndan \u00f6nce Mevlana \u015eeyh Na\u1e93im el-\u1e24akk\u0101n\u012b\u2019yi halefi ve Nak\u015fibendi Tarikat\u0131\u2019n\u0131n Alt\u0131n Silsile 40. Lideri ve \u015eeyhi olarak atad\u0131. \u00d6\u011frencisi ve halefi \u015eeyh Na\u1e93im, \u015eeyh AbduL\u0101h\u2019\u0131n \u00f6\u011fretilerini d\u00fcnyaya yaymaya ve s\u00fcrd\u00fcrmeye devam etti.<\/p>\t\t\t\t\t\t\t\t<\/div>\n\t\t\t\t<\/div>\n\t\t\t\t<\/div>\n\t\t\t\t<\/div>\n\t\t\t\t<\/div>\n\t\t<div class=\"elementor-element elementor-element-74ed83a e-flex e-con-boxed e-con e-parent\" data-id=\"74ed83a\" data-element_type=\"container\" data-e-type=\"container\">\n\t\t\t\t\t<div class=\"e-con-inner\">\n\t\t<div class=\"elementor-element elementor-element-65aac65 e-con-full e-flex e-con e-child\" data-id=\"65aac65\" data-element_type=\"container\" data-e-type=\"container\">\n\t\t\t\t<div class=\"elementor-element elementor-element-9f52f38 elementor-widget elementor-widget-gallery\" data-id=\"9f52f38\" data-element_type=\"widget\" data-e-type=\"widget\" data-settings=\"{&quot;aspect_ratio&quot;:&quot;4:3&quot;,&quot;lazyload&quot;:&quot;yes&quot;,&quot;gallery_layout&quot;:&quot;grid&quot;,&quot;columns&quot;:4,&quot;columns_tablet&quot;:2,&quot;columns_mobile&quot;:1,&quot;gap&quot;:{&quot;unit&quot;:&quot;px&quot;,&quot;size&quot;:10,&quot;sizes&quot;:[]},&quot;gap_tablet&quot;:{&quot;unit&quot;:&quot;px&quot;,&quot;size&quot;:10,&quot;sizes&quot;:[]},&quot;gap_mobile&quot;:{&quot;unit&quot;:&quot;px&quot;,&quot;size&quot;:10,&quot;sizes&quot;:[]},&quot;link_to&quot;:&quot;file&quot;,&quot;overlay_background&quot;:&quot;yes&quot;,&quot;content_hover_animation&quot;:&quot;fade-in&quot;}\" data-widget_type=\"gallery.default\">\n\t\t\t\t<div class=\"elementor-widget-container\">\n\t\t\t\t\t\t\t<div class=\"elementor-gallery__container\">\n\t\t\t\t\t\t\t<a class=\"e-gallery-item elementor-gallery-item elementor-animated-content\" href=\"https:\/\/mawlanasultan.org\/wp-content\/uploads\/2025\/05\/IMG_9721.jpg\" data-elementor-open-lightbox=\"yes\" data-elementor-lightbox-slideshow=\"9f52f38\" data-e-action-hash=\"#elementor-action%3Aaction%3Dlightbox%26settings%3DeyJpZCI6MTQzOSwidXJsIjoiaHR0cHM6XC9cL21hd2xhbmFzdWx0YW4ub3JnXC93cC1jb250ZW50XC91cGxvYWRzXC8yMDI1XC8wNVwvSU1HXzk3MjEuanBnIiwic2xpZGVzaG93IjoiOWY1MmYzOCJ9\">\n\t\t\t\t\t<div class=\"e-gallery-image elementor-gallery-item__image\" data-thumbnail=\"https:\/\/mawlanasultan.org\/wp-content\/uploads\/2025\/05\/IMG_9721.jpg\" data-width=\"187\" data-height=\"270\" aria-label=\"\" role=\"img\" ><\/div>\n\t\t\t\t\t\t\t\t\t\t\t<div class=\"elementor-gallery-item__overlay\"><\/div>\n\t\t\t\t\t\t\t\t\t\t\t\t\t\t<\/a>\n\t\t\t\t\t\t\t<a class=\"e-gallery-item elementor-gallery-item elementor-animated-content\" href=\"https:\/\/mawlanasultan.org\/wp-content\/uploads\/2025\/05\/IMG_9722.jpg\" data-elementor-open-lightbox=\"yes\" data-elementor-lightbox-slideshow=\"9f52f38\" data-e-action-hash=\"#elementor-action%3Aaction%3Dlightbox%26settings%3DeyJpZCI6MTQzOCwidXJsIjoiaHR0cHM6XC9cL21hd2xhbmFzdWx0YW4ub3JnXC93cC1jb250ZW50XC91cGxvYWRzXC8yMDI1XC8wNVwvSU1HXzk3MjIuanBnIiwic2xpZGVzaG93IjoiOWY1MmYzOCJ9\">\n\t\t\t\t\t<div class=\"e-gallery-image elementor-gallery-item__image\" data-thumbnail=\"https:\/\/mawlanasultan.org\/wp-content\/uploads\/2025\/05\/IMG_9722.jpg\" data-width=\"225\" data-height=\"225\" aria-label=\"\" role=\"img\" ><\/div>\n\t\t\t\t\t\t\t\t\t\t\t<div class=\"elementor-gallery-item__overlay\"><\/div>\n\t\t\t\t\t\t\t\t\t\t\t\t\t\t<\/a>\n\t\t\t\t\t\t\t<a class=\"e-gallery-item elementor-gallery-item elementor-animated-content\" href=\"https:\/\/mawlanasultan.org\/wp-content\/uploads\/2025\/05\/IMG_9720.jpg\" data-elementor-open-lightbox=\"yes\" data-elementor-lightbox-slideshow=\"9f52f38\" data-e-action-hash=\"#elementor-action%3Aaction%3Dlightbox%26settings%3DeyJpZCI6MTQ0MCwidXJsIjoiaHR0cHM6XC9cL21hd2xhbmFzdWx0YW4ub3JnXC93cC1jb250ZW50XC91cGxvYWRzXC8yMDI1XC8wNVwvSU1HXzk3MjAuanBnIiwic2xpZGVzaG93IjoiOWY1MmYzOCJ9\">\n\t\t\t\t\t<div class=\"e-gallery-image elementor-gallery-item__image\" data-thumbnail=\"https:\/\/mawlanasultan.org\/wp-content\/uploads\/2025\/05\/IMG_9720-300x220.jpg\" data-width=\"300\" data-height=\"220\" aria-label=\"\" role=\"img\" ><\/div>\n\t\t\t\t\t\t\t\t\t\t\t<div class=\"elementor-gallery-item__overlay\"><\/div>\n\t\t\t\t\t\t\t\t\t\t\t\t\t\t<\/a>\n\t\t\t\t\t\t\t<a class=\"e-gallery-item elementor-gallery-item elementor-animated-content\" href=\"https:\/\/mawlanasultan.org\/wp-content\/uploads\/2025\/05\/IMG_9717.jpg\" data-elementor-open-lightbox=\"yes\" data-elementor-lightbox-slideshow=\"9f52f38\" data-e-action-hash=\"#elementor-action%3Aaction%3Dlightbox%26settings%3DeyJpZCI6MTQ0MSwidXJsIjoiaHR0cHM6XC9cL21hd2xhbmFzdWx0YW4ub3JnXC93cC1jb250ZW50XC91cGxvYWRzXC8yMDI1XC8wNVwvSU1HXzk3MTcuanBnIiwic2xpZGVzaG93IjoiOWY1MmYzOCJ9\">\n\t\t\t\t\t<div class=\"e-gallery-image elementor-gallery-item__image\" data-thumbnail=\"https:\/\/mawlanasultan.org\/wp-content\/uploads\/2025\/05\/IMG_9717-300x205.jpg\" data-width=\"300\" data-height=\"205\" aria-label=\"\" role=\"img\" ><\/div>\n\t\t\t\t\t\t\t\t\t\t\t<div class=\"elementor-gallery-item__overlay\"><\/div>\n\t\t\t\t\t\t\t\t\t\t\t\t\t\t<\/a>\n\t\t\t\t\t<\/div>\n\t\t\t\t\t<\/div>\n\t\t\t\t<\/div>\n\t\t\t\t<\/div>\n\t\t\t\t\t<\/div>\n\t\t\t\t<\/div>\n\t\t\t\t<\/div>","protected":false},"excerpt":{"rendered":"<p>The Biography of Mawl\u0101n\u0101 Shaykh \u2018Abdu Ll\u0101h ad-D\u0101ghest\u0101n\u012b Mawlana Shaykh \u2018Abdu Ll\u0101h al-Fa\u2019iz ad-D\u0101ghest\u0101n\u012b was the 39th Leader and Shaykh of the Golden Chain of the Most Distinguished Naqshband\u012b \u1e6car\u012bqah. Mawlana Shaykh \u2018Abdu Ll\u0101h ad-D\u0101ghest\u0101n\u012b was born in the North Caucasian region of Dagestan, then part of the Russian Empire. Both his father and elder [&hellip;]<\/p>","protected":false},"author":1,"featured_media":0,"parent":0,"menu_order":0,"comment_status":"closed","ping_status":"closed","template":"elementor_header_footer","meta":{"_acf_changed":false,"footnotes":""},"class_list":["post-1185","page","type-page","status-publish","hentry"],"acf":[],"aioseo_notices":[],"_links":{"self":[{"href":"https:\/\/mawlanasultan.org\/tr\/wp-json\/wp\/v2\/pages\/1185","targetHints":{"allow":["GET"]}}],"collection":[{"href":"https:\/\/mawlanasultan.org\/tr\/wp-json\/wp\/v2\/pages"}],"about":[{"href":"https:\/\/mawlanasultan.org\/tr\/wp-json\/wp\/v2\/types\/page"}],"author":[{"embeddable":true,"href":"https:\/\/mawlanasultan.org\/tr\/wp-json\/wp\/v2\/users\/1"}],"replies":[{"embeddable":true,"href":"https:\/\/mawlanasultan.org\/tr\/wp-json\/wp\/v2\/comments?post=1185"}],"version-history":[{"count":18,"href":"https:\/\/mawlanasultan.org\/tr\/wp-json\/wp\/v2\/pages\/1185\/revisions"}],"predecessor-version":[{"id":2697,"href":"https:\/\/mawlanasultan.org\/tr\/wp-json\/wp\/v2\/pages\/1185\/revisions\/2697"}],"wp:attachment":[{"href":"https:\/\/mawlanasultan.org\/tr\/wp-json\/wp\/v2\/media?parent=1185"}],"curies":[{"name":"wp","href":"https:\/\/api.w.org\/{rel}","templated":true}]}}