{"id":1183,"date":"2025-05-01T06:22:26","date_gmt":"2025-05-01T06:22:26","guid":{"rendered":"https:\/\/mawlanasultan.org\/?page_id=1183"},"modified":"2025-05-18T17:29:35","modified_gmt":"2025-05-18T17:29:35","slug":"mawlana-shaykh-na%e1%ba%93im-al-%e1%b8%a5aqqani","status":"publish","type":"page","link":"https:\/\/mawlanasultan.org\/tr\/mawlana-shaykh-na%e1%ba%93im-al-%e1%b8%a5aqqani\/","title":{"rendered":"Mevlana \u015eeyh N\u00e2z\u0131m el-Hakkan\u00ee"},"content":{"rendered":"<div data-elementor-type=\"wp-page\" data-elementor-id=\"1183\" class=\"elementor elementor-1183\" data-elementor-post-type=\"page\">\n\t\t\t\t<div class=\"elementor-element elementor-element-c4407b7 e-con-full e-flex e-con e-parent\" data-id=\"c4407b7\" data-element_type=\"container\" data-e-type=\"container\">\n\t\t\t\t<div class=\"elementor-element elementor-element-d491ba1 elementor-widget-divider--view-line elementor-widget elementor-widget-divider\" data-id=\"d491ba1\" data-element_type=\"widget\" data-e-type=\"widget\" data-widget_type=\"divider.default\">\n\t\t\t\t<div class=\"elementor-widget-container\">\n\t\t\t\t\t\t\t<div class=\"elementor-divider\">\n\t\t\t<span class=\"elementor-divider-separator\">\n\t\t\t\t\t\t<\/span>\n\t\t<\/div>\n\t\t\t\t\t\t<\/div>\n\t\t\t\t<\/div>\n\t\t\t\t<\/div>\n\t\t<div class=\"elementor-element elementor-element-528569f e-con-full e-flex e-con e-parent\" data-id=\"528569f\" data-element_type=\"container\" data-e-type=\"container\">\n\t\t\t\t<div class=\"elementor-element elementor-element-b0e68b3 elementor-widget-tablet__width-initial elementor-widget elementor-widget-heading\" data-id=\"b0e68b3\" data-element_type=\"widget\" data-e-type=\"widget\" data-widget_type=\"heading.default\">\n\t\t\t\t<div class=\"elementor-widget-container\">\n\t\t\t\t\t<h2 class=\"elementor-heading-title elementor-size-default\">Mevlana \u015eeyh Nazim el-Hakk\u00e2n\u00ee\u2019nin Biyografisi<\/h2>\t\t\t\t<\/div>\n\t\t\t\t<\/div>\n\t\t\t\t<\/div>\n\t\t<div class=\"elementor-element elementor-element-d3df16d e-flex e-con-boxed e-con e-parent\" data-id=\"d3df16d\" data-element_type=\"container\" data-e-type=\"container\">\n\t\t\t\t\t<div class=\"e-con-inner\">\n\t\t\t\t<div class=\"elementor-element elementor-element-09f945a elementor-widget elementor-widget-spacer\" data-id=\"09f945a\" data-element_type=\"widget\" data-e-type=\"widget\" data-widget_type=\"spacer.default\">\n\t\t\t\t<div class=\"elementor-widget-container\">\n\t\t\t\t\t\t\t<div class=\"elementor-spacer\">\n\t\t\t<div class=\"elementor-spacer-inner\"><\/div>\n\t\t<\/div>\n\t\t\t\t\t\t<\/div>\n\t\t\t\t<\/div>\n\t\t\t\t\t<\/div>\n\t\t\t\t<\/div>\n\t\t<div class=\"elementor-element elementor-element-8d502d8 e-con-full e-flex e-con e-parent\" data-id=\"8d502d8\" data-element_type=\"container\" data-e-type=\"container\">\n\t\t\t\t<div class=\"elementor-element elementor-element-e286b85 elementor-widget__width-initial elementor-widget-mobile__width-initial elementor-widget elementor-widget-text-editor\" data-id=\"e286b85\" data-element_type=\"widget\" data-e-type=\"widget\" data-widget_type=\"text-editor.default\">\n\t\t\t\t<div class=\"elementor-widget-container\">\n\t\t\t\t\t\t\t\t\t<p>\u015eeyh Naz\u0131m Adil el-Hakkani, Nak\u015fibendi Aliyye Tarikat\u0131\u2019n\u0131n Alt\u0131n Silsile 40. \u0130mam\u0131 ve \u015eeyhidir. Ad\u0131 Mehmet Naz\u0131m Adil olup ayn\u0131 zamanda Muhammed Naz\u0131m El-Hakkani olarak da bilinir (21 Nisan 1922 - 7 May\u0131s 2014; \u015eaban 23, 1340 AH - Receb 8, 1435 AH). Derin maneviyat\u0131 ve k\u00fcresel etkisiyle tan\u0131nan, bir\u00e7ok onursal unvanla sevgiyle Sultan-ul-Evliya olarak bilinirdi.<\/p><p>\u00a0<\/p><p>K\u0131br\u0131s\u2019\u0131n Larnaka kentinde do\u011fdu ve \u201cK\u0131br\u0131sl\u0131\u201d unvan\u0131n\u0131 ta\u015f\u0131yordu. Soya\u011fac\u0131 iki b\u00fcy\u00fck sufi \u00fcstad\u0131na dayan\u0131r: 11. y\u00fczy\u0131l evliyas\u0131 \u0130mam Abd\u00fclkadir Geylani, baba taraf\u0131ndan b\u00fcy\u00fckbabas\u0131 \u015eeyh H\u00fcseyin el-Kadiri\u2019nin \u201cYe\u015filba\u015f\u201d olarak adland\u0131r\u0131lmas\u0131yla ve 13. y\u00fczy\u0131l Celaleddin Rumi, anne taraf\u0131ndan b\u00fcy\u00fckbabas\u0131 \u015eeyh Kaytazz\u00e2de Mehmet N\u00e2z\u0131m\u2019\u0131n ad\u0131n\u0131 almas\u0131yla. Hem anne taraf\u0131ndan hem de baba taraf\u0131ndan b\u00fcy\u00fckbabalar\u0131 Kadiri ve Mevlevi tarikatlar\u0131nda \u015feyhlerdi.<\/p>\t\t\t\t\t\t\t\t<\/div>\n\t\t\t\t<\/div>\n\t\t<div class=\"elementor-element elementor-element-836a0bd e-con-full e-flex e-con e-child\" data-id=\"836a0bd\" data-element_type=\"container\" data-e-type=\"container\">\n\t\t\t\t<div class=\"elementor-element elementor-element-a7757d8 elementor-widget__width-initial elementor-widget elementor-widget-image\" data-id=\"a7757d8\" data-element_type=\"widget\" data-e-type=\"widget\" data-widget_type=\"image.default\">\n\t\t\t\t<div class=\"elementor-widget-container\">\n\t\t\t\t\t\t\t\t\t\t\t\t\t\t\t<img fetchpriority=\"high\" decoding=\"async\" width=\"800\" height=\"992\" src=\"https:\/\/mawlanasultan.org\/wp-content\/uploads\/2025\/05\/IMG_9412-826x1024.jpg\" class=\"attachment-large size-large wp-image-1410\" alt=\"\" srcset=\"https:\/\/mawlanasultan.org\/wp-content\/uploads\/2025\/05\/IMG_9412-826x1024.jpg 826w, https:\/\/mawlanasultan.org\/wp-content\/uploads\/2025\/05\/IMG_9412-242x300.jpg 242w, https:\/\/mawlanasultan.org\/wp-content\/uploads\/2025\/05\/IMG_9412-768x952.jpg 768w, https:\/\/mawlanasultan.org\/wp-content\/uploads\/2025\/05\/IMG_9412-10x12.jpg 10w, https:\/\/mawlanasultan.org\/wp-content\/uploads\/2025\/05\/IMG_9412.jpg 1033w\" sizes=\"(max-width: 800px) 100vw, 800px\" \/>\t\t\t\t\t\t\t\t\t\t\t\t\t\t\t<\/div>\n\t\t\t\t<\/div>\n\t\t\t\t<\/div>\n\t\t\t\t<\/div>\n\t\t<div class=\"elementor-element elementor-element-5416dfe e-con-full e-flex e-con e-parent\" data-id=\"5416dfe\" data-element_type=\"container\" data-e-type=\"container\">\n\t\t\t\t<div class=\"elementor-element elementor-element-eb43137 elementor-widget elementor-widget-text-editor\" data-id=\"eb43137\" data-element_type=\"widget\" data-e-type=\"widget\" data-widget_type=\"text-editor.default\">\n\t\t\t\t<div class=\"elementor-widget-container\">\n\t\t\t\t\t\t\t\t\t<p>\u015eeyh Naz\u0131m, \u00e7ocuklu\u011fundan itibaren maneviyata g\u00fc\u00e7l\u00fc bir e\u011filim g\u00f6sterdi. G\u00fcnd\u00fczleri laik e\u011fitim al\u0131rken, ak\u015famlar\u0131 yerel bir okulda \u0130slami bilimler, Hadis, Kuran tefsiri ve f\u0131k\u0131h okudu. Hem d\u00fcnyevi hem de manevi bilgiye olan ilgisi hayat\u0131 boyunca belirleyici bir \u00f6zellik olarak kald\u0131.<\/p><p>1940 y\u0131l\u0131nda, 18 ya\u015f\u0131ndayken, e\u011fitimini ilerletmek i\u00e7in \u0130stanbul\u2019a ta\u015f\u0131nd\u0131 ve oradaki karde\u015flerine kat\u0131ld\u0131. Kimya m\u00fchendisli\u011finde ba\u015far\u0131l\u0131 oldu\u011fu \u0130stanbul \u00dcniversitesi\u2019ne kaydoldu. Akademik ba\u015far\u0131lar\u0131na ra\u011fmen, daha sonra \u201cModern bilime kar\u015f\u0131 hi\u00e7bir \u00e7ekim hissetmedim. Kalbim her zaman manevi bilimlere \u00e7ekildi,\u201d dedi.<\/p>\t\t\t\t\t\t\t\t<\/div>\n\t\t\t\t<\/div>\n\t\t\t\t<\/div>\n\t\t<div class=\"elementor-element elementor-element-ab6b7bd e-con-full e-flex e-con e-parent\" data-id=\"ab6b7bd\" data-element_type=\"container\" data-e-type=\"container\">\n\t\t<div class=\"elementor-element elementor-element-f7d8c5e e-con-full e-flex e-con e-child\" data-id=\"f7d8c5e\" data-element_type=\"container\" data-e-type=\"container\">\n\t\t<div class=\"elementor-element elementor-element-cd96292 e-con-full e-flex e-con e-child\" data-id=\"cd96292\" data-element_type=\"container\" data-e-type=\"container\">\n\t\t\t\t<div class=\"elementor-element elementor-element-da0361c elementor-widget elementor-widget-image\" data-id=\"da0361c\" data-element_type=\"widget\" data-e-type=\"widget\" data-widget_type=\"image.default\">\n\t\t\t\t<div class=\"elementor-widget-container\">\n\t\t\t\t\t\t\t\t\t\t\t\t<figure class=\"wp-caption\">\n\t\t\t\t\t\t\t\t\t\t<img decoding=\"async\" width=\"600\" height=\"341\" src=\"https:\/\/mawlanasultan.org\/wp-content\/uploads\/2025\/05\/shaykh-nazim-al-haqqani-with-shaykh-abdullah-faiz-daghestani.avif\" class=\"attachment-large size-large wp-image-1412\" alt=\"\" srcset=\"https:\/\/mawlanasultan.org\/wp-content\/uploads\/2025\/05\/shaykh-nazim-al-haqqani-with-shaykh-abdullah-faiz-daghestani.avif 600w, https:\/\/mawlanasultan.org\/wp-content\/uploads\/2025\/05\/shaykh-nazim-al-haqqani-with-shaykh-abdullah-faiz-daghestani-300x171.avif 300w, https:\/\/mawlanasultan.org\/wp-content\/uploads\/2025\/05\/shaykh-nazim-al-haqqani-with-shaykh-abdullah-faiz-daghestani-18x10.avif 18w\" sizes=\"(max-width: 600px) 100vw, 600px\" \/>\t\t\t\t\t\t\t\t\t\t\t<figcaption class=\"widget-image-caption wp-caption-text\">\u015eeyh Abdullah el-Fa'iz ad-Da\u011festani (Solda) ve \u015eeyh Naz\u0131m Adil el-Hakkani (Sa\u011fda)<\/figcaption>\n\t\t\t\t\t\t\t\t\t\t<\/figure>\n\t\t\t\t\t\t\t\t\t<\/div>\n\t\t\t\t<\/div>\n\t\t\t\t<div class=\"elementor-element elementor-element-e90541f elementor-widget elementor-widget-text-editor\" data-id=\"e90541f\" data-element_type=\"widget\" data-e-type=\"widget\" data-widget_type=\"text-editor.default\">\n\t\t\t\t<div class=\"elementor-widget-container\">\n\t\t\t\t\t\t\t\t\t<p>\u0130stanbul\u2019da kald\u0131\u011f\u0131 s\u00fcre boyunca dini \u00e7al\u0131\u015fmalar\u0131n\u0131 derinle\u015ftirdi, Arap\u00e7a ve \u0130slam teolojisinde ustala\u015ft\u0131. Sultan Ahmed Camii\u2019ndeki toplant\u0131lara kat\u0131lmaya ba\u015flad\u0131\u011f\u0131nda manevi yolculu\u011fu belirleyici bir hal ald\u0131. S\u00fcleyman Erzurumi taraf\u0131ndan Nak\u015fibendi tasavvufuna inisiye edildi ve sonunda onu kaderindeki \u015eeyh Mevlana \u015eeyh Abdullah el-Faiz ed-Da\u011f\u0131stani ile \u00e7al\u0131\u015fmalar\u0131na devam etmesi i\u00e7in Suriye, \u015eam\u2019a y\u00f6nlendirdi. \u0130stanbul\u2019dan ayr\u0131l\u0131p 1944\u2019te Suriye\u2019ye geldi. Orada, Kasiyun Da\u011f\u0131 yama\u00e7lar\u0131ndaki tekkesinde (manevi tekke) \u00fcnl\u00fc Nak\u015fibendi \u015eeyhi Mevlana \u015eeyh Abdullah el-Faiz ed-Da\u011f\u0131stani ile tan\u0131\u015ft\u0131. Do\u011fu\u015ftan gelen manevi yeteneklerini fark eden \u015eeyh Abdullah, ona Nak\u015fibendi Tarikat\u0131\u2019na biat (inisiyasyon) bah\u015fetti ve \u015eeyh Naz\u0131m tasavvuf yolunda h\u0131zla ilerledi.<\/p>\t\t\t\t\t\t\t\t<\/div>\n\t\t\t\t<\/div>\n\t\t\t\t<\/div>\n\t\t\t\t<\/div>\n\t\t\t\t<\/div>\n\t\t<div class=\"elementor-element elementor-element-1b950bf e-con-full e-flex e-con e-parent\" data-id=\"1b950bf\" data-element_type=\"container\" data-e-type=\"container\">\n\t\t<div class=\"elementor-element elementor-element-7a4f6ed e-con-full e-flex e-con e-child\" data-id=\"7a4f6ed\" data-element_type=\"container\" data-e-type=\"container\">\n\t\t\t\t<div class=\"elementor-element elementor-element-f5099b2 elementor-widget__width-initial elementor-widget elementor-widget-image\" data-id=\"f5099b2\" data-element_type=\"widget\" data-e-type=\"widget\" data-widget_type=\"image.default\">\n\t\t\t\t<div class=\"elementor-widget-container\">\n\t\t\t\t\t\t\t\t\t\t\t\t\t\t\t<img decoding=\"async\" width=\"800\" height=\"718\" src=\"https:\/\/mawlanasultan.org\/wp-content\/uploads\/2025\/05\/IMG_9716.jpg\" class=\"attachment-large size-large wp-image-1414\" alt=\"\" srcset=\"https:\/\/mawlanasultan.org\/wp-content\/uploads\/2025\/05\/IMG_9716.jpg 984w, https:\/\/mawlanasultan.org\/wp-content\/uploads\/2025\/05\/IMG_9716-300x269.jpg 300w, https:\/\/mawlanasultan.org\/wp-content\/uploads\/2025\/05\/IMG_9716-768x689.jpg 768w, https:\/\/mawlanasultan.org\/wp-content\/uploads\/2025\/05\/IMG_9716-13x12.jpg 13w\" sizes=\"(max-width: 800px) 100vw, 800px\" \/>\t\t\t\t\t\t\t\t\t\t\t\t\t\t\t<\/div>\n\t\t\t\t<\/div>\n\t\t\t\t<\/div>\n\t\t<div class=\"elementor-element elementor-element-bee1586 e-con-full e-flex e-con e-child\" data-id=\"bee1586\" data-element_type=\"container\" data-e-type=\"container\">\n\t\t\t\t<div class=\"elementor-element elementor-element-cecc533 elementor-widget elementor-widget-text-editor\" data-id=\"cecc533\" data-element_type=\"widget\" data-e-type=\"widget\" data-widget_type=\"text-editor.default\">\n\t\t\t\t<div class=\"elementor-widget-container\">\n\t\t\t\t\t\t\t\t\t<p>K\u0131sa bir s\u00fcre sonra, Mevlana \u015eeyh Abdullah Da\u011f\u0131stani ona tasavvuf \u00f6\u011fretilerini yaymak i\u00e7in K\u0131br\u0131s\u2019a d\u00f6nmesi talimat\u0131n\u0131 verdi. Mevlana \u015eeyh Abdullah Da\u011f\u0131stani\u2019nin 1973\u2019te vefat etmesinin ard\u0131ndan \u015eeyh Naz\u0131m onun halefi olarak atand\u0131. 1974\u2019te Bat\u0131 Avrupa\u2019y\u0131 ziyaret etmeye ba\u015flad\u0131 ve her y\u0131l \u0130ngiltere, Londra\u2019ya seyahat etti. Bir\u00e7ok manevi aray\u0131\u015f\u00e7\u0131 bu yola kat\u0131ld\u0131 ve bir\u00e7o\u011fu onunla kar\u015f\u0131la\u015ft\u0131ktan sonra \u0130slam\u2019a ge\u00e7ti.<\/p><p>\u015eeyh Naz\u0131m, on y\u0131llar boyunca k\u00fcresel olarak sayg\u0131 duyulan bir manevi fig\u00fcr haline geldi ve say\u0131s\u0131z aray\u0131\u015f\u00e7\u0131y\u0131 sevgi, tevazu ve ilahi anma yolunda y\u00f6nlendirdi. \u00d6\u011fretileri daha sonra \u00e7ok say\u0131da kitapta derlendi. T\u00fcrk\u00e7e, Arap\u00e7a, \u0130ngilizce ve Yunanca\u2019da ak\u0131c\u0131 olan \u015eeyh Naz\u0131m\u2019\u0131n etkisi k\u00fclt\u00fcrler ve k\u0131talar aras\u0131nda yay\u0131ld\u0131 ve onu modern \u00e7a\u011f\u0131n en \u00f6nde gelen Sufi liderlerinden biri yapt\u0131.<\/p>\t\t\t\t\t\t\t\t<\/div>\n\t\t\t\t<\/div>\n\t\t\t\t<\/div>\n\t\t\t\t<\/div>\n\t\t<div class=\"elementor-element elementor-element-9aa52dc e-flex e-con-boxed e-con e-parent\" data-id=\"9aa52dc\" data-element_type=\"container\" data-e-type=\"container\">\n\t\t\t\t\t<div class=\"e-con-inner\">\n\t\t<div class=\"elementor-element elementor-element-c49445d e-con-full e-flex e-con e-child\" data-id=\"c49445d\" data-element_type=\"container\" data-e-type=\"container\">\n\t\t\t\t<div class=\"elementor-element elementor-element-50c13c1 elementor-widget elementor-widget-gallery\" data-id=\"50c13c1\" data-element_type=\"widget\" data-e-type=\"widget\" data-settings=\"{&quot;columns&quot;:5,&quot;lazyload&quot;:&quot;yes&quot;,&quot;gallery_layout&quot;:&quot;grid&quot;,&quot;columns_tablet&quot;:2,&quot;columns_mobile&quot;:1,&quot;gap&quot;:{&quot;unit&quot;:&quot;px&quot;,&quot;size&quot;:10,&quot;sizes&quot;:[]},&quot;gap_tablet&quot;:{&quot;unit&quot;:&quot;px&quot;,&quot;size&quot;:10,&quot;sizes&quot;:[]},&quot;gap_mobile&quot;:{&quot;unit&quot;:&quot;px&quot;,&quot;size&quot;:10,&quot;sizes&quot;:[]},&quot;link_to&quot;:&quot;file&quot;,&quot;aspect_ratio&quot;:&quot;3:2&quot;,&quot;overlay_background&quot;:&quot;yes&quot;,&quot;content_hover_animation&quot;:&quot;fade-in&quot;}\" data-widget_type=\"gallery.default\">\n\t\t\t\t<div class=\"elementor-widget-container\">\n\t\t\t\t\t\t\t<div class=\"elementor-gallery__container\">\n\t\t\t\t\t\t\t<a class=\"e-gallery-item elementor-gallery-item elementor-animated-content\" href=\"https:\/\/mawlanasultan.org\/wp-content\/uploads\/2025\/05\/IMG_9707.jpg\" data-elementor-open-lightbox=\"yes\" data-elementor-lightbox-slideshow=\"50c13c1\" data-e-action-hash=\"#elementor-action%3Aaction%3Dlightbox%26settings%3DeyJpZCI6MTQxMywidXJsIjoiaHR0cHM6XC9cL21hd2xhbmFzdWx0YW4ub3JnXC93cC1jb250ZW50XC91cGxvYWRzXC8yMDI1XC8wNVwvSU1HXzk3MDcuanBnIiwic2xpZGVzaG93IjoiNTBjMTNjMSJ9\">\n\t\t\t\t\t<div class=\"e-gallery-image elementor-gallery-item__image\" data-thumbnail=\"https:\/\/mawlanasultan.org\/wp-content\/uploads\/2025\/05\/IMG_9707-163x300.jpg\" data-width=\"163\" data-height=\"300\" aria-label=\"\" role=\"img\" ><\/div>\n\t\t\t\t\t\t\t\t\t\t\t<div class=\"elementor-gallery-item__overlay\"><\/div>\n\t\t\t\t\t\t\t\t\t\t\t\t\t\t<\/a>\n\t\t\t\t\t\t\t<a class=\"e-gallery-item elementor-gallery-item elementor-animated-content\" href=\"https:\/\/mawlanasultan.org\/wp-content\/uploads\/2025\/05\/IMG_9719.jpg\" data-elementor-open-lightbox=\"yes\" data-elementor-lightbox-slideshow=\"50c13c1\" data-e-action-hash=\"#elementor-action%3Aaction%3Dlightbox%26settings%3DeyJpZCI6MTQxNSwidXJsIjoiaHR0cHM6XC9cL21hd2xhbmFzdWx0YW4ub3JnXC93cC1jb250ZW50XC91cGxvYWRzXC8yMDI1XC8wNVwvSU1HXzk3MTkuanBnIiwic2xpZGVzaG93IjoiNTBjMTNjMSJ9\">\n\t\t\t\t\t<div class=\"e-gallery-image elementor-gallery-item__image\" data-thumbnail=\"https:\/\/mawlanasultan.org\/wp-content\/uploads\/2025\/05\/IMG_9719-244x300.jpg\" data-width=\"244\" data-height=\"300\" aria-label=\"\" role=\"img\" ><\/div>\n\t\t\t\t\t\t\t\t\t\t\t<div class=\"elementor-gallery-item__overlay\"><\/div>\n\t\t\t\t\t\t\t\t\t\t\t\t\t\t<\/a>\n\t\t\t\t\t\t\t<a class=\"e-gallery-item elementor-gallery-item elementor-animated-content\" href=\"https:\/\/mawlanasultan.org\/wp-content\/uploads\/2025\/05\/IMG_9711.jpg\" data-elementor-open-lightbox=\"yes\" data-elementor-lightbox-slideshow=\"50c13c1\" data-e-action-hash=\"#elementor-action%3Aaction%3Dlightbox%26settings%3DeyJpZCI6MTQxNiwidXJsIjoiaHR0cHM6XC9cL21hd2xhbmFzdWx0YW4ub3JnXC93cC1jb250ZW50XC91cGxvYWRzXC8yMDI1XC8wNVwvSU1HXzk3MTEuanBnIiwic2xpZGVzaG93IjoiNTBjMTNjMSJ9\">\n\t\t\t\t\t<div class=\"e-gallery-image elementor-gallery-item__image\" data-thumbnail=\"https:\/\/mawlanasultan.org\/wp-content\/uploads\/2025\/05\/IMG_9711-240x300.jpg\" data-width=\"240\" data-height=\"300\" aria-label=\"\" role=\"img\" ><\/div>\n\t\t\t\t\t\t\t\t\t\t\t<div class=\"elementor-gallery-item__overlay\"><\/div>\n\t\t\t\t\t\t\t\t\t\t\t\t\t\t<\/a>\n\t\t\t\t\t\t\t<a class=\"e-gallery-item elementor-gallery-item elementor-animated-content\" href=\"https:\/\/mawlanasultan.org\/wp-content\/uploads\/2025\/05\/IMG_9709.jpg\" data-elementor-open-lightbox=\"yes\" data-elementor-lightbox-slideshow=\"50c13c1\" data-e-action-hash=\"#elementor-action%3Aaction%3Dlightbox%26settings%3DeyJpZCI6MTQxNywidXJsIjoiaHR0cHM6XC9cL21hd2xhbmFzdWx0YW4ub3JnXC93cC1jb250ZW50XC91cGxvYWRzXC8yMDI1XC8wNVwvSU1HXzk3MDkuanBnIiwic2xpZGVzaG93IjoiNTBjMTNjMSJ9\">\n\t\t\t\t\t<div class=\"e-gallery-image elementor-gallery-item__image\" data-thumbnail=\"https:\/\/mawlanasultan.org\/wp-content\/uploads\/2025\/05\/IMG_9709-300x278.jpg\" data-width=\"300\" data-height=\"278\" aria-label=\"\" role=\"img\" ><\/div>\n\t\t\t\t\t\t\t\t\t\t\t<div class=\"elementor-gallery-item__overlay\"><\/div>\n\t\t\t\t\t\t\t\t\t\t\t\t\t\t<\/a>\n\t\t\t\t\t\t\t<a class=\"e-gallery-item elementor-gallery-item elementor-animated-content\" href=\"https:\/\/mawlanasultan.org\/wp-content\/uploads\/2025\/05\/IMG_9706.jpg\" data-elementor-open-lightbox=\"yes\" data-elementor-lightbox-slideshow=\"50c13c1\" data-e-action-hash=\"#elementor-action%3Aaction%3Dlightbox%26settings%3DeyJpZCI6MTQxOCwidXJsIjoiaHR0cHM6XC9cL21hd2xhbmFzdWx0YW4ub3JnXC93cC1jb250ZW50XC91cGxvYWRzXC8yMDI1XC8wNVwvSU1HXzk3MDYuanBnIiwic2xpZGVzaG93IjoiNTBjMTNjMSJ9\">\n\t\t\t\t\t<div class=\"e-gallery-image elementor-gallery-item__image\" data-thumbnail=\"https:\/\/mawlanasultan.org\/wp-content\/uploads\/2025\/05\/IMG_9706-300x163.jpg\" data-width=\"300\" data-height=\"163\" aria-label=\"\" role=\"img\" ><\/div>\n\t\t\t\t\t\t\t\t\t\t\t<div class=\"elementor-gallery-item__overlay\"><\/div>\n\t\t\t\t\t\t\t\t\t\t\t\t\t\t<\/a>\n\t\t\t\t\t\t\t<a class=\"e-gallery-item elementor-gallery-item elementor-animated-content\" href=\"https:\/\/mawlanasultan.org\/wp-content\/uploads\/2025\/05\/IMG_9705.jpg\" data-elementor-open-lightbox=\"yes\" data-elementor-lightbox-slideshow=\"50c13c1\" data-e-action-hash=\"#elementor-action%3Aaction%3Dlightbox%26settings%3DeyJpZCI6MTQxOSwidXJsIjoiaHR0cHM6XC9cL21hd2xhbmFzdWx0YW4ub3JnXC93cC1jb250ZW50XC91cGxvYWRzXC8yMDI1XC8wNVwvSU1HXzk3MDUuanBnIiwic2xpZGVzaG93IjoiNTBjMTNjMSJ9\">\n\t\t\t\t\t<div class=\"e-gallery-image elementor-gallery-item__image\" data-thumbnail=\"https:\/\/mawlanasultan.org\/wp-content\/uploads\/2025\/05\/IMG_9705-246x300.jpg\" data-width=\"246\" data-height=\"300\" aria-label=\"\" role=\"img\" ><\/div>\n\t\t\t\t\t\t\t\t\t\t\t<div class=\"elementor-gallery-item__overlay\"><\/div>\n\t\t\t\t\t\t\t\t\t\t\t\t\t\t<\/a>\n\t\t\t\t\t\t\t<a class=\"e-gallery-item elementor-gallery-item elementor-animated-content\" href=\"https:\/\/mawlanasultan.org\/wp-content\/uploads\/2025\/05\/IMG_9704.jpg\" data-elementor-open-lightbox=\"yes\" data-elementor-lightbox-slideshow=\"50c13c1\" data-e-action-hash=\"#elementor-action%3Aaction%3Dlightbox%26settings%3DeyJpZCI6MTQyMCwidXJsIjoiaHR0cHM6XC9cL21hd2xhbmFzdWx0YW4ub3JnXC93cC1jb250ZW50XC91cGxvYWRzXC8yMDI1XC8wNVwvSU1HXzk3MDQuanBnIiwic2xpZGVzaG93IjoiNTBjMTNjMSJ9\">\n\t\t\t\t\t<div class=\"e-gallery-image elementor-gallery-item__image\" data-thumbnail=\"https:\/\/mawlanasultan.org\/wp-content\/uploads\/2025\/05\/IMG_9704-236x300.jpg\" data-width=\"236\" data-height=\"300\" aria-label=\"\" role=\"img\" ><\/div>\n\t\t\t\t\t\t\t\t\t\t\t<div class=\"elementor-gallery-item__overlay\"><\/div>\n\t\t\t\t\t\t\t\t\t\t\t\t\t\t<\/a>\n\t\t\t\t\t\t\t<a class=\"e-gallery-item elementor-gallery-item elementor-animated-content\" href=\"https:\/\/mawlanasultan.org\/wp-content\/uploads\/2025\/05\/IMG_9703.jpg\" data-elementor-open-lightbox=\"yes\" data-elementor-lightbox-slideshow=\"50c13c1\" data-e-action-hash=\"#elementor-action%3Aaction%3Dlightbox%26settings%3DeyJpZCI6MTQyMSwidXJsIjoiaHR0cHM6XC9cL21hd2xhbmFzdWx0YW4ub3JnXC93cC1jb250ZW50XC91cGxvYWRzXC8yMDI1XC8wNVwvSU1HXzk3MDMuanBnIiwic2xpZGVzaG93IjoiNTBjMTNjMSJ9\">\n\t\t\t\t\t<div class=\"e-gallery-image elementor-gallery-item__image\" data-thumbnail=\"https:\/\/mawlanasultan.org\/wp-content\/uploads\/2025\/05\/IMG_9703-271x300.jpg\" data-width=\"271\" data-height=\"300\" aria-label=\"\" role=\"img\" ><\/div>\n\t\t\t\t\t\t\t\t\t\t\t<div class=\"elementor-gallery-item__overlay\"><\/div>\n\t\t\t\t\t\t\t\t\t\t\t\t\t\t<\/a>\n\t\t\t\t\t\t\t<a class=\"e-gallery-item elementor-gallery-item elementor-animated-content\" href=\"https:\/\/mawlanasultan.org\/wp-content\/uploads\/2025\/05\/IMG_9701.jpg\" data-elementor-open-lightbox=\"yes\" data-elementor-lightbox-slideshow=\"50c13c1\" data-e-action-hash=\"#elementor-action%3Aaction%3Dlightbox%26settings%3DeyJpZCI6MTQyMiwidXJsIjoiaHR0cHM6XC9cL21hd2xhbmFzdWx0YW4ub3JnXC93cC1jb250ZW50XC91cGxvYWRzXC8yMDI1XC8wNVwvSU1HXzk3MDEuanBnIiwic2xpZGVzaG93IjoiNTBjMTNjMSJ9\">\n\t\t\t\t\t<div class=\"e-gallery-image elementor-gallery-item__image\" data-thumbnail=\"https:\/\/mawlanasultan.org\/wp-content\/uploads\/2025\/05\/IMG_9701-300x283.jpg\" data-width=\"300\" data-height=\"283\" aria-label=\"\" role=\"img\" ><\/div>\n\t\t\t\t\t\t\t\t\t\t\t<div class=\"elementor-gallery-item__overlay\"><\/div>\n\t\t\t\t\t\t\t\t\t\t\t\t\t\t<\/a>\n\t\t\t\t\t\t\t<a class=\"e-gallery-item elementor-gallery-item elementor-animated-content\" href=\"https:\/\/mawlanasultan.org\/wp-content\/uploads\/2025\/05\/IMG_9700.jpg\" data-elementor-open-lightbox=\"yes\" data-elementor-lightbox-slideshow=\"50c13c1\" data-e-action-hash=\"#elementor-action%3Aaction%3Dlightbox%26settings%3DeyJpZCI6MTQyMywidXJsIjoiaHR0cHM6XC9cL21hd2xhbmFzdWx0YW4ub3JnXC93cC1jb250ZW50XC91cGxvYWRzXC8yMDI1XC8wNVwvSU1HXzk3MDAuanBnIiwic2xpZGVzaG93IjoiNTBjMTNjMSJ9\">\n\t\t\t\t\t<div class=\"e-gallery-image elementor-gallery-item__image\" data-thumbnail=\"https:\/\/mawlanasultan.org\/wp-content\/uploads\/2025\/05\/IMG_9700-300x296.jpg\" data-width=\"300\" data-height=\"296\" aria-label=\"\" role=\"img\" ><\/div>\n\t\t\t\t\t\t\t\t\t\t\t<div class=\"elementor-gallery-item__overlay\"><\/div>\n\t\t\t\t\t\t\t\t\t\t\t\t\t\t<\/a>\n\t\t\t\t\t<\/div>\n\t\t\t\t\t<\/div>\n\t\t\t\t<\/div>\n\t\t\t\t<\/div>\n\t\t\t\t\t<\/div>\n\t\t\t\t<\/div>\n\t\t\t\t<\/div>","protected":false},"excerpt":{"rendered":"<p>The Biography of Mawl\u0101n\u0101 Shaykh N\u0101\u1e93im al-\u1e24aqq\u0101n\u012b Shaykh Nazim Adil al-Haqqani is the 40th Leader and Shaykh of the Golden Chain of the Most Distinguished Naqshband\u012b \u1e6car\u012bqah. Born Mehmet Nazim Adil and also known as Muhammad Nazim Al-Hakkani, (April 21, 1922 \u2013 May 7, 2014; Sha\u2019ban 23, 1340 AH \u2013 Rajab 8, 1435 AH). Renowned [&hellip;]<\/p>","protected":false},"author":1,"featured_media":0,"parent":0,"menu_order":0,"comment_status":"closed","ping_status":"closed","template":"elementor_header_footer","meta":{"_acf_changed":false,"footnotes":""},"class_list":["post-1183","page","type-page","status-publish","hentry"],"acf":[],"aioseo_notices":[],"_links":{"self":[{"href":"https:\/\/mawlanasultan.org\/tr\/wp-json\/wp\/v2\/pages\/1183","targetHints":{"allow":["GET"]}}],"collection":[{"href":"https:\/\/mawlanasultan.org\/tr\/wp-json\/wp\/v2\/pages"}],"about":[{"href":"https:\/\/mawlanasultan.org\/tr\/wp-json\/wp\/v2\/types\/page"}],"author":[{"embeddable":true,"href":"https:\/\/mawlanasultan.org\/tr\/wp-json\/wp\/v2\/users\/1"}],"replies":[{"embeddable":true,"href":"https:\/\/mawlanasultan.org\/tr\/wp-json\/wp\/v2\/comments?post=1183"}],"version-history":[{"count":17,"href":"https:\/\/mawlanasultan.org\/tr\/wp-json\/wp\/v2\/pages\/1183\/revisions"}],"predecessor-version":[{"id":2704,"href":"https:\/\/mawlanasultan.org\/tr\/wp-json\/wp\/v2\/pages\/1183\/revisions\/2704"}],"wp:attachment":[{"href":"https:\/\/mawlanasultan.org\/tr\/wp-json\/wp\/v2\/media?parent=1183"}],"curies":[{"name":"wp","href":"https:\/\/api.w.org\/{rel}","templated":true}]}}