{"id":831,"date":"2025-04-27T13:26:32","date_gmt":"2025-04-27T13:26:32","guid":{"rendered":"https:\/\/mawlanasultan.org\/?page_id=831"},"modified":"2025-05-01T13:42:12","modified_gmt":"2025-05-01T13:42:12","slug":"addresses","status":"publish","type":"page","link":"https:\/\/mawlanasultan.org\/ar\/addresses\/","title":{"rendered":"\u0639\u0646\u0627\u0648\u064a\u0646"},"content":{"rendered":"<div data-elementor-type=\"wp-page\" data-elementor-id=\"831\" class=\"elementor elementor-831\" data-elementor-post-type=\"page\">\n\t\t\t\t<div class=\"elementor-element elementor-element-ade0607 e-flex e-con-boxed e-con e-parent\" data-id=\"ade0607\" data-element_type=\"container\" data-e-type=\"container\">\n\t\t\t\t\t<div class=\"e-con-inner\">\n\t\t<div class=\"elementor-element elementor-element-dc80a1d e-con-full e-flex e-con e-child\" data-id=\"dc80a1d\" data-element_type=\"container\" data-e-type=\"container\">\n\t\t<div class=\"elementor-element elementor-element-217908c e-con-full e-flex e-con e-child\" data-id=\"217908c\" data-element_type=\"container\" data-e-type=\"container\">\n\t\t\t\t<div class=\"elementor-element elementor-element-3847dd8 elementor-widget-divider--view-line elementor-widget elementor-widget-divider\" data-id=\"3847dd8\" data-element_type=\"widget\" data-e-type=\"widget\" data-widget_type=\"divider.default\">\n\t\t\t\t<div class=\"elementor-widget-container\">\n\t\t\t\t\t\t\t<div class=\"elementor-divider\">\n\t\t\t<span class=\"elementor-divider-separator\">\n\t\t\t\t\t\t<\/span>\n\t\t<\/div>\n\t\t\t\t\t\t<\/div>\n\t\t\t\t<\/div>\n\t\t\t\t<div class=\"elementor-element elementor-element-d113b99 elementor-widget elementor-widget-heading\" data-id=\"d113b99\" data-element_type=\"widget\" data-e-type=\"widget\" data-widget_type=\"heading.default\">\n\t\t\t\t<div class=\"elementor-widget-container\">\n\t\t\t\t\t<h2 class=\"elementor-heading-title elementor-size-default\">\u0639\u0646\u0627\u0648\u064a\u0646<\/h2>\t\t\t\t<\/div>\n\t\t\t\t<\/div>\n\t\t\t\t<\/div>\n\t\t\t\t<\/div>\n\t\t\t\t\t<\/div>\n\t\t\t\t<\/div>\n\t\t<div class=\"elementor-element elementor-element-d450da7 e-flex e-con-boxed e-con e-parent\" data-id=\"d450da7\" data-element_type=\"container\" data-e-type=\"container\">\n\t\t\t\t\t<div class=\"e-con-inner\">\n\t\t<div class=\"elementor-element elementor-element-d9eda1a e-con-full e-flex e-con e-child\" data-id=\"d9eda1a\" data-element_type=\"container\" data-e-type=\"container\">\n\t\t\t\t<div class=\"elementor-element elementor-element-4ae3b75 elementor-widget elementor-widget-heading\" data-id=\"4ae3b75\" data-element_type=\"widget\" data-e-type=\"widget\" data-widget_type=\"heading.default\">\n\t\t\t\t<div class=\"elementor-widget-container\">\n\t\t\t\t\t<h2 class=\"elementor-heading-title elementor-size-default\">\u0642\u0628\u0631\u0635: \u0632\u0627\u0648\u064a\u0629 \u0645\u0648\u0644\u0627\u0646\u0627 \u0627\u0644\u0634\u064a\u062e \u0646\u0627\u0638\u0645<\/h2>\t\t\t\t<\/div>\n\t\t\t\t<\/div>\n\t\t\t\t<div class=\"elementor-element elementor-element-755b221 elementor-widget elementor-widget-image\" data-id=\"755b221\" data-element_type=\"widget\" data-e-type=\"widget\" data-widget_type=\"image.default\">\n\t\t\t\t<div class=\"elementor-widget-container\">\n\t\t\t\t\t\t\t\t\t\t\t\t\t\t\t<img fetchpriority=\"high\" decoding=\"async\" width=\"800\" height=\"577\" src=\"https:\/\/mawlanasultan.org\/wp-content\/uploads\/2025\/05\/Sheikh-Nazim-Maqam-1024x739.jpg\" class=\"attachment-large size-large wp-image-1298\" alt=\"\" srcset=\"https:\/\/mawlanasultan.org\/wp-content\/uploads\/2025\/05\/Sheikh-Nazim-Maqam-1024x739.jpg 1024w, https:\/\/mawlanasultan.org\/wp-content\/uploads\/2025\/05\/Sheikh-Nazim-Maqam-300x217.jpg 300w, https:\/\/mawlanasultan.org\/wp-content\/uploads\/2025\/05\/Sheikh-Nazim-Maqam-768x555.jpg 768w, https:\/\/mawlanasultan.org\/wp-content\/uploads\/2025\/05\/Sheikh-Nazim-Maqam-1536x1109.jpg 1536w, https:\/\/mawlanasultan.org\/wp-content\/uploads\/2025\/05\/Sheikh-Nazim-Maqam-18x12.jpg 18w, https:\/\/mawlanasultan.org\/wp-content\/uploads\/2025\/05\/Sheikh-Nazim-Maqam.jpg 2022w\" sizes=\"(max-width: 800px) 100vw, 800px\" \/>\t\t\t\t\t\t\t\t\t\t\t\t\t\t\t<\/div>\n\t\t\t\t<\/div>\n\t\t\t\t<div class=\"elementor-element elementor-element-fe006b2 elementor-widget elementor-widget-google_maps\" data-id=\"fe006b2\" data-element_type=\"widget\" data-e-type=\"widget\" data-widget_type=\"google_maps.default\">\n\t\t\t\t<div class=\"elementor-widget-container\">\n\t\t\t\t\t\t\t<div class=\"elementor-custom-embed\">\n\t\t\t<iframe loading=\"lazy\"\n\t\t\t\t\tsrc=\"https:\/\/maps.google.com\/maps?q=Sheikh%20nazim%20dergah%20and%20turbeh&#038;t=m&#038;z=10&#038;output=embed&#038;iwloc=near\"\n\t\t\t\t\ttitle=\"Sheikh nazim dergah and turbeh\"\n\t\t\t\t\taria-label=\"Sheikh nazim dergah and turbeh\"\n\t\t\t><\/iframe>\n\t\t<\/div>\n\t\t\t\t\t\t<\/div>\n\t\t\t\t<\/div>\n\t\t\t\t<\/div>\n\t\t<div class=\"elementor-element elementor-element-3e87166 e-con-full e-flex e-con e-child\" data-id=\"3e87166\" data-element_type=\"container\" data-e-type=\"container\">\n\t\t\t\t<div class=\"elementor-element elementor-element-c84584e elementor-widget elementor-widget-heading\" data-id=\"c84584e\" data-element_type=\"widget\" data-e-type=\"widget\" data-widget_type=\"heading.default\">\n\t\t\t\t<div class=\"elementor-widget-container\">\n\t\t\t\t\t<h2 class=\"elementor-heading-title elementor-size-default\">\u0625\u0633\u0637\u0646\u0628\u0648\u0644: \u0632\u0627\u0648\u064a\u0629 \u0628\u064a\u0644\u064a\u0631\u0628\u064a<\/h2>\t\t\t\t<\/div>\n\t\t\t\t<\/div>\n\t\t\t\t<div class=\"elementor-element elementor-element-97f2c6a elementor-widget elementor-widget-image\" data-id=\"97f2c6a\" data-element_type=\"widget\" data-e-type=\"widget\" data-widget_type=\"image.default\">\n\t\t\t\t<div class=\"elementor-widget-container\">\n\t\t\t\t\t\t\t\t\t\t\t\t\t\t\t<img decoding=\"async\" width=\"800\" height=\"550\" src=\"https:\/\/mawlanasultan.org\/wp-content\/uploads\/2025\/05\/Beylerbeyi-Dergah-1024x704.jpeg\" class=\"attachment-large size-large wp-image-1297\" alt=\"\" srcset=\"https:\/\/mawlanasultan.org\/wp-content\/uploads\/2025\/05\/Beylerbeyi-Dergah-1024x704.jpeg 1024w, https:\/\/mawlanasultan.org\/wp-content\/uploads\/2025\/05\/Beylerbeyi-Dergah-300x206.jpeg 300w, https:\/\/mawlanasultan.org\/wp-content\/uploads\/2025\/05\/Beylerbeyi-Dergah-768x528.jpeg 768w, https:\/\/mawlanasultan.org\/wp-content\/uploads\/2025\/05\/Beylerbeyi-Dergah-18x12.jpeg 18w, https:\/\/mawlanasultan.org\/wp-content\/uploads\/2025\/05\/Beylerbeyi-Dergah.jpeg 1290w\" sizes=\"(max-width: 800px) 100vw, 800px\" \/>\t\t\t\t\t\t\t\t\t\t\t\t\t\t\t<\/div>\n\t\t\t\t<\/div>\n\t\t\t\t<div class=\"elementor-element elementor-element-317af06 elementor-widget elementor-widget-google_maps\" data-id=\"317af06\" data-element_type=\"widget\" data-e-type=\"widget\" data-widget_type=\"google_maps.default\">\n\t\t\t\t<div class=\"elementor-widget-container\">\n\t\t\t\t\t\t\t<div class=\"elementor-custom-embed\">\n\t\t\t<iframe loading=\"lazy\"\n\t\t\t\t\tsrc=\"https:\/\/maps.google.com\/maps?q=H%C3%BCseyin%20H%C4%B1fz%C4%B1%20Efendi%20K%C3%BClliyesi%20A%C5%9Fevi&#038;t=m&#038;z=10&#038;output=embed&#038;iwloc=near\"\n\t\t\t\t\ttitle=\"H\u00fcseyin H\u0131fz\u0131 Efendi K\u00fclliyesi A\u015fevi\"\n\t\t\t\t\taria-label=\"H\u00fcseyin H\u0131fz\u0131 Efendi K\u00fclliyesi A\u015fevi\"\n\t\t\t><\/iframe>\n\t\t<\/div>\n\t\t\t\t\t\t<\/div>\n\t\t\t\t<\/div>\n\t\t\t\t<\/div>\n\t\t\t\t\t<\/div>\n\t\t\t\t<\/div>\n\t\t\t\t<\/div>","protected":false},"excerpt":{"rendered":"<p>Addresses Cyprus: Sheikh Nazim Dergah Istanbul: Beylerbeyi Dergah<\/p>","protected":false},"author":1,"featured_media":0,"parent":0,"menu_order":0,"comment_status":"closed","ping_status":"closed","template":"elementor_header_footer","meta":{"_acf_changed":false,"footnotes":""},"class_list":["post-831","page","type-page","status-publish","hentry"],"acf":[],"aioseo_notices":[],"_links":{"self":[{"href":"https:\/\/mawlanasultan.org\/ar\/wp-json\/wp\/v2\/pages\/831","targetHints":{"allow":["GET"]}}],"collection":[{"href":"https:\/\/mawlanasultan.org\/ar\/wp-json\/wp\/v2\/pages"}],"about":[{"href":"https:\/\/mawlanasultan.org\/ar\/wp-json\/wp\/v2\/types\/page"}],"author":[{"embeddable":true,"href":"https:\/\/mawlanasultan.org\/ar\/wp-json\/wp\/v2\/users\/1"}],"replies":[{"embeddable":true,"href":"https:\/\/mawlanasultan.org\/ar\/wp-json\/wp\/v2\/comments?post=831"}],"version-history":[{"count":12,"href":"https:\/\/mawlanasultan.org\/ar\/wp-json\/wp\/v2\/pages\/831\/revisions"}],"predecessor-version":[{"id":1367,"href":"https:\/\/mawlanasultan.org\/ar\/wp-json\/wp\/v2\/pages\/831\/revisions\/1367"}],"wp:attachment":[{"href":"https:\/\/mawlanasultan.org\/ar\/wp-json\/wp\/v2\/media?parent=831"}],"curies":[{"name":"wp","href":"https:\/\/api.w.org\/{rel}","templated":true}]}}