{"id":1185,"date":"2025-05-01T06:22:12","date_gmt":"2025-05-01T06:22:12","guid":{"rendered":"https:\/\/mawlanasultan.org\/?page_id=1185"},"modified":"2025-05-18T15:23:07","modified_gmt":"2025-05-18T15:23:07","slug":"mawlana-shaykh-abdu-llah-ad-daghestani","status":"publish","type":"page","link":"https:\/\/mawlanasultan.org\/ar\/mawlana-shaykh-abdu-llah-ad-daghestani\/","title":{"rendered":"\u0645\u0648\u0644\u0627\u0646\u0627 \u0627\u0644\u0634\u064a\u062e \u0639\u0628\u062f \u0627\u0644\u0644\u0647 \u0627\u0644\u0641\u0627\u0626\u0632 \u0627\u0644\u062f\u0627\u063a\u0633\u062a\u0627\u0646\u064a"},"content":{"rendered":"<div data-elementor-type=\"wp-page\" data-elementor-id=\"1185\" class=\"elementor elementor-1185\" data-elementor-post-type=\"page\">\n\t\t\t\t<div class=\"elementor-element elementor-element-093944e e-con-full e-flex e-con e-parent\" data-id=\"093944e\" data-element_type=\"container\" data-e-type=\"container\">\n\t\t\t\t<div class=\"elementor-element elementor-element-e07833f elementor-widget-divider--view-line elementor-widget elementor-widget-divider\" data-id=\"e07833f\" data-element_type=\"widget\" data-e-type=\"widget\" data-widget_type=\"divider.default\">\n\t\t\t\t<div class=\"elementor-widget-container\">\n\t\t\t\t\t\t\t<div class=\"elementor-divider\">\n\t\t\t<span class=\"elementor-divider-separator\">\n\t\t\t\t\t\t<\/span>\n\t\t<\/div>\n\t\t\t\t\t\t<\/div>\n\t\t\t\t<\/div>\n\t\t\t\t<\/div>\n\t\t<div class=\"elementor-element elementor-element-ad0d49c e-con-full e-flex e-con e-parent\" data-id=\"ad0d49c\" data-element_type=\"container\" data-e-type=\"container\">\n\t\t\t\t<div class=\"elementor-element elementor-element-04eae96 elementor-widget-tablet__width-initial elementor-widget elementor-widget-heading\" data-id=\"04eae96\" data-element_type=\"widget\" data-e-type=\"widget\" data-widget_type=\"heading.default\">\n\t\t\t\t<div class=\"elementor-widget-container\">\n\t\t\t\t\t<h2 class=\"elementor-heading-title elementor-size-default\">\u0627\u0644\u0633\u064a\u0631\u0629 \u0627\u0644\u0630\u0627\u062a\u064a\u0629 \u0644\u0645\u0648\u0644\u0627\u0646\u0627 \u0627\u0644\u0634\u064a\u062e \u0639\u0628\u062f \u0627\u0644\u0644\u0647 \u0627\u0644\u0641\u0627\u0626\u0632 \u0627\u0644\u062f\u0627\u063a\u0633\u062a\u0627\u0646\u064a<\/h2>\t\t\t\t<\/div>\n\t\t\t\t<\/div>\n\t\t\t\t<\/div>\n\t\t<div class=\"elementor-element elementor-element-6ba3f66 e-flex e-con-boxed e-con e-parent\" data-id=\"6ba3f66\" data-element_type=\"container\" data-e-type=\"container\">\n\t\t\t\t\t<div class=\"e-con-inner\">\n\t\t\t\t<div class=\"elementor-element elementor-element-50db9ce elementor-widget elementor-widget-spacer\" data-id=\"50db9ce\" data-element_type=\"widget\" data-e-type=\"widget\" data-widget_type=\"spacer.default\">\n\t\t\t\t<div class=\"elementor-widget-container\">\n\t\t\t\t\t\t\t<div class=\"elementor-spacer\">\n\t\t\t<div class=\"elementor-spacer-inner\"><\/div>\n\t\t<\/div>\n\t\t\t\t\t\t<\/div>\n\t\t\t\t<\/div>\n\t\t\t\t\t<\/div>\n\t\t\t\t<\/div>\n\t\t<div class=\"elementor-element elementor-element-2a04c19 e-con-full e-flex e-con e-parent\" data-id=\"2a04c19\" data-element_type=\"container\" data-e-type=\"container\">\n\t\t<div class=\"elementor-element elementor-element-18f94e0 e-con-full e-flex e-con e-child\" data-id=\"18f94e0\" data-element_type=\"container\" data-e-type=\"container\">\n\t\t\t\t<div class=\"elementor-element elementor-element-4b0084f elementor-widget__width-initial elementor-widget elementor-widget-image\" data-id=\"4b0084f\" data-element_type=\"widget\" data-e-type=\"widget\" data-widget_type=\"image.default\">\n\t\t\t\t<div class=\"elementor-widget-container\">\n\t\t\t\t\t\t\t\t\t\t\t\t\t\t\t<img fetchpriority=\"high\" decoding=\"async\" width=\"800\" height=\"856\" src=\"https:\/\/mawlanasultan.org\/wp-content\/uploads\/2025\/05\/IMG_9708-957x1024.jpg\" class=\"attachment-large size-large wp-image-1436\" alt=\"\" srcset=\"https:\/\/mawlanasultan.org\/wp-content\/uploads\/2025\/05\/IMG_9708-957x1024.jpg 957w, https:\/\/mawlanasultan.org\/wp-content\/uploads\/2025\/05\/IMG_9708-280x300.jpg 280w, https:\/\/mawlanasultan.org\/wp-content\/uploads\/2025\/05\/IMG_9708-768x822.jpg 768w, https:\/\/mawlanasultan.org\/wp-content\/uploads\/2025\/05\/IMG_9708-11x12.jpg 11w, https:\/\/mawlanasultan.org\/wp-content\/uploads\/2025\/05\/IMG_9708.jpg 1238w\" sizes=\"(max-width: 800px) 100vw, 800px\" \/>\t\t\t\t\t\t\t\t\t\t\t\t\t\t\t<\/div>\n\t\t\t\t<\/div>\n\t\t\t\t<\/div>\n\t\t\t\t<div class=\"elementor-element elementor-element-99d34b9 elementor-widget elementor-widget-spacer\" data-id=\"99d34b9\" data-element_type=\"widget\" data-e-type=\"widget\" data-widget_type=\"spacer.default\">\n\t\t\t\t<div class=\"elementor-widget-container\">\n\t\t\t\t\t\t\t<div class=\"elementor-spacer\">\n\t\t\t<div class=\"elementor-spacer-inner\"><\/div>\n\t\t<\/div>\n\t\t\t\t\t\t<\/div>\n\t\t\t\t<\/div>\n\t\t\t\t<div class=\"elementor-element elementor-element-53ea10f elementor-widget__width-initial elementor-widget-mobile__width-initial elementor-widget elementor-widget-text-editor\" data-id=\"53ea10f\" data-element_type=\"widget\" data-e-type=\"widget\" data-widget_type=\"text-editor.default\">\n\t\t\t\t<div class=\"elementor-widget-container\">\n\t\t\t\t\t\t\t\t\t<p>\u0645\u0648\u0644\u0627\u0646\u0627 \u0627\u0644\u0634\u064a\u062e \u0639\u0628\u062f \u0627\u0644\u0644\u0647 \u0627\u0644\u0641\u0627\u0626\u0632 \u0627\u0644\u062f\u0627\u063a\u0633\u062a\u0627\u0646\u064a \u0647\u0648 \u0627\u0644\u0625\u0645\u0627\u0645 \u0627\u0644\u062a\u0627\u0633\u0639 \u0648\u0627\u0644\u062b\u0644\u0627\u062b\u0648\u0646 \u0648\u0634\u064a\u062e \u0627\u0644\u0633\u0644\u0633\u0644\u0629 \u0627\u0644\u0630\u0647\u0628\u064a\u0629 \u0644\u0644\u0637\u0631\u064a\u0642\u0629 \u0627\u0644\u0646\u0642\u0634\u0628\u0646\u062f\u064a\u0629 \u0627\u0644\u0639\u0644\u064a\u0651\u0629. \u0648\u064f\u0644\u0650\u062f \u0645\u0648\u0644\u0627\u0646\u0627 \u0627\u0644\u0634\u064a\u062e \u0639\u0628\u062f \u0627\u0644\u0644\u0647 \u0627\u0644\u062f\u0627\u063a\u0633\u062a\u0627\u0646\u064a \u0641\u064a \u0645\u0646\u0637\u0642\u0629 \u062f\u0627\u063a\u0633\u062a\u0627\u0646 \u0634\u0645\u0627\u0644 \u0627\u0644\u0642\u0648\u0642\u0627\u0632\u060c \u0648\u0627\u0644\u062a\u064a \u0643\u0627\u0646\u062a \u0622\u0646\u0630\u0627\u0643 \u062c\u0632\u0621\u064b\u0627 \u0645\u0646 \u0627\u0644\u0625\u0645\u0628\u0631\u0627\u0637\u0648\u0631\u064a\u0629 \u0627\u0644\u0631\u0648\u0633\u064a\u0629. \u0643\u0627\u0646 \u0648\u0627\u0644\u062f\u0647 \u0648\u0634\u0642\u064a\u0642\u0647 \u0627\u0644\u0623\u0643\u0628\u0631 \u0637\u0628\u064a\u0628\u064a\u0646\u060c \u0648\u0643\u0627\u0646 \u0627\u0644\u0623\u062e\u064a\u0631 \u062c\u0631\u0627\u062d\u064b\u0627 \u0641\u064a \u062c\u064a\u0634 \u0627\u0644\u0625\u0645\u0628\u0631\u0627\u0637\u0648\u0631\u064a\u0629 \u0627\u0644\u0631\u0648\u0633\u064a\u0629. \u0646\u0634\u0623 \u0627\u0644\u0634\u064a\u062e \u0639\u0628\u062f \u0627\u0644\u0644\u0647 \u0648\u062a\u0631\u0628\u0649 \u0639\u0644\u0649 \u064a\u062f \u062e\u0627\u0644\u0647 \u0648\u0634\u064a\u062e\u0647 \u0645\u0648\u0644\u0627\u0646\u0627 \u0627\u0644\u0634\u064a\u062e \u0634\u0631\u0641 \u0627\u0644\u062f\u064a\u0646 \u0627\u0644\u062f\u0627\u063a\u0633\u062a\u0627\u0646\u064a (1875-1936).<\/p><p>\u00a0<\/p><p>\u0641\u064a \u0623\u0648\u0627\u062e\u0631 \u062a\u0633\u0639\u064a\u0646\u064a\u0627\u062a \u0627\u0644\u0642\u0631\u0646 \u0627\u0644\u062a\u0627\u0633\u0639 \u0639\u0634\u0631\u060c \u0647\u0627\u062c\u0631\u062a \u0639\u0627\u0626\u0644\u0629 \u0645\u0648\u0644\u0627\u0646\u0627 \u0627\u0644\u0634\u064a\u062e \u0639\u0628\u062f \u0627\u0644\u0644\u0647 \u0625\u0644\u0649 \u0627\u0644\u062f\u0648\u0644\u0629 \u0627\u0644\u0639\u062b\u0645\u0627\u0646\u064a\u0629\u060c \u062e\u0644\u0641\u064b\u0627 \u0644\u062e\u0627\u0644\u0647 \u0645\u0648\u0644\u0627\u0646\u0627 \u0627\u0644\u0634\u064a\u062e \u0634\u0631\u0641 \u0627\u0644\u062f\u064a\u0646 \u0627\u0644\u0630\u064a \u0647\u0627\u062c\u0631 \u0641\u064a \u0633\u0628\u0639\u064a\u0646\u064a\u0627\u062a \u0627\u0644\u0642\u0631\u0646 \u0627\u0644\u062a\u0627\u0633\u0639 \u0639\u0634\u0631. \u0627\u0633\u062a\u0642\u0631\u0648\u0627 \u0641\u064a \u0645\u062f\u064a\u0646\u0629 \u0628\u0648\u0631\u0635\u0629 \u0641\u064a \u0634\u0645\u0627\u0644 \u063a\u0631\u0628 \u0627\u0644\u0623\u0646\u0627\u0636\u0648\u0644\u060c \u0648\u0628\u0639\u062f \u0639\u0627\u0645 \u0627\u0646\u062a\u0642\u0644\u0648\u0627 \u0625\u0644\u0649 \u0642\u0631\u064a\u0629 \u0627\u0644\u0631\u0634\u064a\u062f\u064a\u0629\u060c \u0627\u0644\u0645\u0639\u0631\u0648\u0641\u0629 \u0627\u0644\u0622\u0646 \u0628\u0627\u0633\u0645 \u063a\u0648\u0646\u064a \u0643\u0648\u064a\u060c \u0641\u064a \u0645\u062d\u0627\u0641\u0638\u0629 \u064a\u0627\u0644\u0648\u0627\u060c \u062a\u0631\u0643\u064a\u0627. \u062a\u0645 \u0625\u0646\u0634\u0627\u0621 \u0627\u0644\u0642\u0631\u064a\u0629 \u0627\u0644\u062c\u062f\u064a\u062f\u0629 \u0639\u0644\u0649 \u0623\u0631\u0636 \u0645\u0646\u062d\u0647\u0627 \u0627\u0644\u0633\u0644\u0637\u0627\u0646 \u0648\u0643\u0627\u0646 \u064a\u0633\u0643\u0646\u0647\u0627 \u0644\u0627\u062c\u0626\u0648\u0646 \u062f\u0627\u063a\u0633\u062a\u0627\u0646\u064a\u0648\u0646 \u0645\u062a\u0623\u062b\u0631\u0648\u0646 \u0628\u062d\u0631\u0628 \u0639\u0627\u0645 93 \u0648\u0627\u0644\u0627\u0646\u062a\u0641\u0627\u0636\u0629 \u0636\u062f \u0627\u0644\u0625\u0645\u0628\u0631\u0627\u0637\u0648\u0631\u064a\u0629 \u0627\u0644\u0631\u0648\u0633\u064a\u0629. \u0648\u0628\u0639\u062f \u0630\u0644\u0643 \u0628\u0641\u062a\u0631\u0629 \u0642\u0635\u064a\u0631\u0629 \u062a\u0648\u0641\u064a \u0648\u0627\u0644\u062f \u0627\u0644\u0634\u064a\u062e \u0639\u0628\u062f \u0627\u0644\u0644\u0647.<\/p>\t\t\t\t\t\t\t\t<\/div>\n\t\t\t\t<\/div>\n\t\t\t\t<\/div>\n\t\t<div class=\"elementor-element elementor-element-f226b93 e-con-full e-flex e-con e-parent\" data-id=\"f226b93\" data-element_type=\"container\" data-e-type=\"container\">\n\t\t\t\t<div class=\"elementor-element elementor-element-29a39dc elementor-widget elementor-widget-text-editor\" data-id=\"29a39dc\" data-element_type=\"widget\" data-e-type=\"widget\" data-widget_type=\"text-editor.default\">\n\t\t\t\t<div class=\"elementor-widget-container\">\n\t\t\t\t\t\t\t\t\t<p>\u0641\u064a \u0639\u0627\u0645 1910\u060c \u0648\u0628\u0639\u062f \u0633\u062a\u0629 \u0623\u0634\u0647\u0631 \u0641\u0642\u0637 \u0645\u0646 \u0632\u0648\u0627\u062c\u0647\u060c \u0623\u0645\u0631 \u0627\u0644\u0634\u064a\u062e \u0634\u0631\u0641 \u0627\u0644\u062f\u064a\u0646 \u0627\u0644\u0634\u064a\u062e \u0639\u0628\u062f \u0627\u0644\u0644\u0647 \u0628\u0627\u0644\u062e\u0644\u0648\u0629 \u0627\u0644\u0635\u0648\u0641\u064a\u0629 \u0644\u0645\u062f\u0629 \u062e\u0645\u0633 \u0633\u0646\u0648\u0627\u062a. \u0634\u0645\u0644\u062a \u0647\u0630\u0647 \u0627\u0644\u062e\u0644\u0648\u0629 \u062a\u0642\u0634\u0651\u0641 \u0634\u062f\u064a\u062f \u0648\u0643\u0627\u0646\u062a \u062a\u0647\u062f\u0641 \u0625\u0644\u0649 \u0631\u0641\u0639 \u0645\u0631\u062a\u0628\u062a\u0647 \u0627\u0644\u0631\u0648\u062d\u0627\u0646\u064a\u0629. \u0648\u0639\u0646\u062f\u0645\u0627 \u0627\u0646\u062a\u0647\u062a \u062e\u0644\u0648\u0629 \u0627\u0644\u0634\u064a\u062e \u0639\u0628\u062f \u0627\u0644\u0644\u0647\u060c \u062f\u062e\u0644\u062a \u0627\u0644\u062f\u0648\u0644\u0629 \u0627\u0644\u0639\u062b\u0645\u0627\u0646\u064a\u0629 \u0641\u064a \u0627\u0644\u062d\u0631\u0628 \u0627\u0644\u0639\u0627\u0644\u0645\u064a\u0629 \u0627\u0644\u0623\u0648\u0644\u0649. \u0627\u0646\u0636\u0645 \u0627\u0644\u0634\u064a\u062e \u0639\u0628\u062f \u0627\u0644\u0644\u0647 \u0645\u0639 \u0639\u062f\u062f \u0643\u0628\u064a\u0631 \u0645\u0646 \u0634\u0628\u0627\u0628 \u0642\u0631\u064a\u062a\u0647 \u0625\u0644\u0649 \u0627\u0644\u062e\u062f\u0645\u0629 \u0627\u0644\u0639\u0633\u0643\u0631\u064a\u0629 \u0648\u0634\u0627\u0631\u0643 \u0641\u064a \u0645\u0639\u0631\u0643\u0629 \u063a\u0627\u0644\u064a\u0628\u0648\u0644\u064a. \u0623\u062b\u0646\u0627\u0621 \u062a\u0628\u0627\u062f\u0644 \u0625\u0637\u0644\u0627\u0642 \u0627\u0644\u0646\u0627\u0631 \u0623\u0635\u064a\u0628 \u0628\u062c\u0631\u0648\u062d \u062e\u0637\u064a\u0631\u0629 \u0628\u0646\u064a\u0631\u0627\u0646 \u0627\u0644\u0639\u062f\u0648.<\/p>\t\t\t\t\t\t\t\t<\/div>\n\t\t\t\t<\/div>\n\t\t\t\t<\/div>\n\t\t<div class=\"elementor-element elementor-element-bc41dc8 e-flex e-con-boxed e-con e-parent\" data-id=\"bc41dc8\" data-element_type=\"container\" data-e-type=\"container\">\n\t\t\t\t\t<div class=\"e-con-inner\">\n\t\t<div class=\"elementor-element elementor-element-d0524ba e-con-full e-flex e-con e-child\" data-id=\"d0524ba\" data-element_type=\"container\" data-e-type=\"container\">\n\t\t\t\t<div class=\"elementor-element elementor-element-b7c5587 elementor-widget elementor-widget-image\" data-id=\"b7c5587\" data-element_type=\"widget\" data-e-type=\"widget\" data-widget_type=\"image.default\">\n\t\t\t\t<div class=\"elementor-widget-container\">\n\t\t\t\t\t\t\t\t\t\t\t\t\t\t\t<img decoding=\"async\" width=\"320\" height=\"247\" src=\"https:\/\/mawlanasultan.org\/wp-content\/uploads\/2025\/05\/IMG_9724.jpg\" class=\"attachment-large size-large wp-image-1437\" alt=\"\" srcset=\"https:\/\/mawlanasultan.org\/wp-content\/uploads\/2025\/05\/IMG_9724.jpg 320w, https:\/\/mawlanasultan.org\/wp-content\/uploads\/2025\/05\/IMG_9724-300x232.jpg 300w, https:\/\/mawlanasultan.org\/wp-content\/uploads\/2025\/05\/IMG_9724-16x12.jpg 16w\" sizes=\"(max-width: 320px) 100vw, 320px\" \/>\t\t\t\t\t\t\t\t\t\t\t\t\t\t\t<\/div>\n\t\t\t\t<\/div>\n\t\t\t\t<\/div>\n\t\t<div class=\"elementor-element elementor-element-5f90da6 e-con-full e-flex e-con e-child\" data-id=\"5f90da6\" data-element_type=\"container\" data-e-type=\"container\">\n\t\t\t\t<div class=\"elementor-element elementor-element-eda91a3 elementor-widget elementor-widget-text-editor\" data-id=\"eda91a3\" data-element_type=\"widget\" data-e-type=\"widget\" data-widget_type=\"text-editor.default\">\n\t\t\t\t<div class=\"elementor-widget-container\">\n\t\t\t\t\t\t\t\t\t<p>\u0648\u0641\u064a \u0639\u0627\u0645 1921\u0645 \u0623\u0645\u0631 \u0627\u0644\u0634\u064a\u062e \u0634\u0631\u0641 \u0627\u0644\u062f\u064a\u0646 \u0627\u0644\u0634\u064a\u062e \u0639\u0628\u062f \u0627\u0644\u0644\u0647 \u0628\u062f\u062e\u0648\u0644 \u062e\u0644\u0648\u0629 \u0623\u062e\u0631\u0649 \u0644\u0645\u062f\u0629 \u062e\u0645\u0633 \u0633\u0646\u0648\u0627\u062a. \u0648\u0623\u0643\u0645\u0644 \u0630\u0644\u0643 \u062b\u0645 \u062d\u0635\u0644 \u0639\u0644\u0649 \u0625\u062c\u0627\u0632\u0629 \u0627\u0644\u0634\u064a\u062e \u0641\u064a \u0627\u0644\u0637\u0631\u064a\u0642\u0629 \u0627\u0644\u0646\u0642\u0634\u0628\u0646\u062f\u064a\u0629. \u0627\u0646\u062a\u0642\u0644 \u0627\u0644\u0634\u064a\u062e \u0639\u0628\u062f \u0627\u0644\u0644\u0647 \u0645\u0639 \u0639\u0627\u0626\u0644\u062a\u0647 \u0625\u0644\u0649 \u0633\u0648\u0631\u064a\u0627 \u0648\u0623\u0642\u0627\u0645 \u0641\u064a\u0647\u0627 \u0628\u0642\u064a\u0629 \u062d\u064a\u0627\u062a\u0647. \u0623\u0642\u0627\u0645 \u0645\u062f\u0629 \u0641\u064a \u062d\u0644\u0628\u060c \u062b\u0645 \u0627\u0646\u062a\u0642\u0644 \u0625\u0644\u0649 \u062d\u0645\u0635\u060c \u062b\u0645 \u0623\u062e\u064a\u0631\u0627\u064b \u0625\u0644\u0649 \u0627\u0644\u0634\u0627\u0645 \u0642\u0631\u0628 \u0636\u0631\u064a\u062d \u0627\u0644\u0648\u0644\u064a \u0633\u0639\u062f \u0627\u0644\u062f\u064a\u0646 \u0627\u0644\u062c\u064a\u0628\u0627\u0648\u064a. \u0647\u0646\u0627\u0643 \u0623\u0633\u0633 \u0623\u0648\u0644 \u0632\u0627\u0648\u064a\u0629. \u0648\u0641\u064a \u0639\u0627\u0645 1943 \u0627\u0646\u062a\u0642\u0644 \u0625\u0644\u0649 \u0628\u064a\u062a \u0641\u064a \u062c\u0628\u0644 \u0642\u0627\u0633\u064a\u0648\u0646. \u0625\u0646\u062a\u0642\u0644 \u0627\u0644\u0634\u064a\u062e \u0639\u0628\u062f \u0627\u0644\u0644\u0647 \u0641\u064a 30 \u0633\u0628\u062a\u0645\u0628\u0631 1973\u0645 \u0641\u064a \u0627\u0644\u0634\u0627\u0645. \u0648\u0647\u0630\u0627 \u0627\u0644\u0628\u064a\u062a \u0641\u064a \u062c\u0628\u0644 \u0642\u0627\u0633\u064a\u0648\u0646 \u0647\u0648 \u0627\u0644\u0622\u0646 \u0645\u0648\u0642\u0639 \u0645\u0642\u0627\u0645\u0647 \u0648\u0645\u0633\u062c\u062f\u0647 \u0627\u0644\u0645\u062c\u0627\u0648\u0631.<\/p>\t\t\t\t\t\t\t\t<\/div>\n\t\t\t\t<\/div>\n\t\t\t\t<\/div>\n\t\t\t\t\t<\/div>\n\t\t\t\t<\/div>\n\t\t<div class=\"elementor-element elementor-element-ff74575 e-con-full e-flex e-con e-parent\" data-id=\"ff74575\" data-element_type=\"container\" data-e-type=\"container\">\n\t\t<div class=\"elementor-element elementor-element-23c9fe6 e-con-full e-flex e-con e-child\" data-id=\"23c9fe6\" data-element_type=\"container\" data-e-type=\"container\">\n\t\t<div class=\"elementor-element elementor-element-2668f5d e-con-full e-flex e-con e-child\" data-id=\"2668f5d\" data-element_type=\"container\" data-e-type=\"container\">\n\t\t\t\t<div class=\"elementor-element elementor-element-e556625 elementor-widget elementor-widget-image\" data-id=\"e556625\" data-element_type=\"widget\" data-e-type=\"widget\" data-widget_type=\"image.default\">\n\t\t\t\t<div class=\"elementor-widget-container\">\n\t\t\t\t\t\t\t\t\t\t\t\t<figure class=\"wp-caption\">\n\t\t\t\t\t\t\t\t\t\t<img decoding=\"async\" width=\"600\" height=\"341\" src=\"https:\/\/mawlanasultan.org\/wp-content\/uploads\/2025\/05\/shaykh-nazim-al-haqqani-with-shaykh-abdullah-faiz-daghestani.avif\" class=\"attachment-large size-large wp-image-1412\" alt=\"\" srcset=\"https:\/\/mawlanasultan.org\/wp-content\/uploads\/2025\/05\/shaykh-nazim-al-haqqani-with-shaykh-abdullah-faiz-daghestani.avif 600w, https:\/\/mawlanasultan.org\/wp-content\/uploads\/2025\/05\/shaykh-nazim-al-haqqani-with-shaykh-abdullah-faiz-daghestani-300x171.avif 300w, https:\/\/mawlanasultan.org\/wp-content\/uploads\/2025\/05\/shaykh-nazim-al-haqqani-with-shaykh-abdullah-faiz-daghestani-18x10.avif 18w\" sizes=\"(max-width: 600px) 100vw, 600px\" \/>\t\t\t\t\t\t\t\t\t\t\t<figcaption class=\"widget-image-caption wp-caption-text\">\u0627\u0644\u0634\u064a\u062e \u0639\u0628\u062f \u0627\u0644\u0644\u0647 \u0627\u0644\u0641\u0627\u064a\u0632 \u0627\u0644\u062f\u0627\u063a\u0633\u062a\u0627\u0646\u064a (\u064a\u0633\u0627\u0631) \u0648\u0627\u0644\u0634\u064a\u062e \u0646\u0627\u0638\u0645 \u0639\u0627\u062f\u0644 \u0627\u0644\u062d\u0642\u0627\u0646\u064a (\u064a\u0645\u064a\u0646)<\/figcaption>\n\t\t\t\t\t\t\t\t\t\t<\/figure>\n\t\t\t\t\t\t\t\t\t<\/div>\n\t\t\t\t<\/div>\n\t\t\t\t<div class=\"elementor-element elementor-element-a55a885 elementor-widget elementor-widget-text-editor\" data-id=\"a55a885\" data-element_type=\"widget\" data-e-type=\"widget\" data-widget_type=\"text-editor.default\">\n\t\t\t\t<div class=\"elementor-widget-container\">\n\t\t\t\t\t\t\t\t\t<p>\u0642\u0628\u0644 \u0631\u062d\u064a\u0644\u0647\u060c \u0639\u064a\u0651\u0646 \u0645\u0648\u0644\u0627\u0646\u0627 \u0627\u0644\u0634\u064a\u062e \u0639\u0628\u062f \u0627\u0644\u0644\u0647 \u0645\u0648\u0644\u0627\u0646\u0627 \u0627\u0644\u0634\u064a\u062e \u0646\u0627\u0638\u0645 \u0627\u0644\u062d\u0642\u0627\u0646\u064a \u062e\u0644\u064a\u0641\u0629\u064b \u0644\u0647 \u0648\u0627\u0644\u0625\u0645\u0627\u0645 \u0627\u0644\u0623\u0631\u0628\u0639\u064a\u0646 \u0648\u0634\u064a\u062e \u0627\u0644\u0633\u0644\u0633\u0644\u0629 \u0627\u0644\u0630\u0647\u0628\u064a\u0629 \u0644\u0644\u0637\u0631\u064a\u0642\u0629 \u0627\u0644\u0646\u0642\u0634\u0628\u0646\u062f\u064a\u0629 \u0627\u0644\u0639\u0644\u064a\u0651\u0629. \u0648\u0642\u062f \u0627\u0633\u062a\u0645\u0631 \u062a\u0644\u0645\u064a\u0630\u0647 \u0648\u062e\u0644\u064a\u0641\u062a\u0647 \u0627\u0644\u0634\u064a\u062e \u0646\u0627\u0638\u0645 \u0641\u064a \u0646\u0634\u0631 \u062a\u0639\u0627\u0644\u064a\u0645 \u0627\u0644\u0634\u064a\u062e \u0639\u0628\u062f \u0627\u0644\u0644\u0647 \u0641\u064a \u062c\u0645\u064a\u0639 \u0623\u0646\u062d\u0627\u0621 \u0627\u0644\u0639\u0627\u0644\u0645.<\/p>\t\t\t\t\t\t\t\t<\/div>\n\t\t\t\t<\/div>\n\t\t\t\t<\/div>\n\t\t\t\t<\/div>\n\t\t\t\t<\/div>\n\t\t<div class=\"elementor-element elementor-element-74ed83a e-flex e-con-boxed e-con e-parent\" data-id=\"74ed83a\" data-element_type=\"container\" data-e-type=\"container\">\n\t\t\t\t\t<div class=\"e-con-inner\">\n\t\t<div class=\"elementor-element elementor-element-65aac65 e-con-full e-flex e-con e-child\" data-id=\"65aac65\" data-element_type=\"container\" data-e-type=\"container\">\n\t\t\t\t<div class=\"elementor-element elementor-element-9f52f38 elementor-widget elementor-widget-gallery\" data-id=\"9f52f38\" data-element_type=\"widget\" data-e-type=\"widget\" data-settings=\"{&quot;aspect_ratio&quot;:&quot;4:3&quot;,&quot;lazyload&quot;:&quot;yes&quot;,&quot;gallery_layout&quot;:&quot;grid&quot;,&quot;columns&quot;:4,&quot;columns_tablet&quot;:2,&quot;columns_mobile&quot;:1,&quot;gap&quot;:{&quot;unit&quot;:&quot;px&quot;,&quot;size&quot;:10,&quot;sizes&quot;:[]},&quot;gap_tablet&quot;:{&quot;unit&quot;:&quot;px&quot;,&quot;size&quot;:10,&quot;sizes&quot;:[]},&quot;gap_mobile&quot;:{&quot;unit&quot;:&quot;px&quot;,&quot;size&quot;:10,&quot;sizes&quot;:[]},&quot;link_to&quot;:&quot;file&quot;,&quot;overlay_background&quot;:&quot;yes&quot;,&quot;content_hover_animation&quot;:&quot;fade-in&quot;}\" data-widget_type=\"gallery.default\">\n\t\t\t\t<div class=\"elementor-widget-container\">\n\t\t\t\t\t\t\t<div class=\"elementor-gallery__container\">\n\t\t\t\t\t\t\t<a class=\"e-gallery-item elementor-gallery-item elementor-animated-content\" href=\"https:\/\/mawlanasultan.org\/wp-content\/uploads\/2025\/05\/IMG_9721.jpg\" data-elementor-open-lightbox=\"yes\" data-elementor-lightbox-slideshow=\"9f52f38\" data-e-action-hash=\"#elementor-action%3Aaction%3Dlightbox%26settings%3DeyJpZCI6MTQzOSwidXJsIjoiaHR0cHM6XC9cL21hd2xhbmFzdWx0YW4ub3JnXC93cC1jb250ZW50XC91cGxvYWRzXC8yMDI1XC8wNVwvSU1HXzk3MjEuanBnIiwic2xpZGVzaG93IjoiOWY1MmYzOCJ9\">\n\t\t\t\t\t<div class=\"e-gallery-image elementor-gallery-item__image\" data-thumbnail=\"https:\/\/mawlanasultan.org\/wp-content\/uploads\/2025\/05\/IMG_9721.jpg\" data-width=\"187\" data-height=\"270\" aria-label=\"\" role=\"img\" ><\/div>\n\t\t\t\t\t\t\t\t\t\t\t<div class=\"elementor-gallery-item__overlay\"><\/div>\n\t\t\t\t\t\t\t\t\t\t\t\t\t\t<\/a>\n\t\t\t\t\t\t\t<a class=\"e-gallery-item elementor-gallery-item elementor-animated-content\" href=\"https:\/\/mawlanasultan.org\/wp-content\/uploads\/2025\/05\/IMG_9722.jpg\" data-elementor-open-lightbox=\"yes\" data-elementor-lightbox-slideshow=\"9f52f38\" data-e-action-hash=\"#elementor-action%3Aaction%3Dlightbox%26settings%3DeyJpZCI6MTQzOCwidXJsIjoiaHR0cHM6XC9cL21hd2xhbmFzdWx0YW4ub3JnXC93cC1jb250ZW50XC91cGxvYWRzXC8yMDI1XC8wNVwvSU1HXzk3MjIuanBnIiwic2xpZGVzaG93IjoiOWY1MmYzOCJ9\">\n\t\t\t\t\t<div class=\"e-gallery-image elementor-gallery-item__image\" data-thumbnail=\"https:\/\/mawlanasultan.org\/wp-content\/uploads\/2025\/05\/IMG_9722.jpg\" data-width=\"225\" data-height=\"225\" aria-label=\"\" role=\"img\" ><\/div>\n\t\t\t\t\t\t\t\t\t\t\t<div class=\"elementor-gallery-item__overlay\"><\/div>\n\t\t\t\t\t\t\t\t\t\t\t\t\t\t<\/a>\n\t\t\t\t\t\t\t<a class=\"e-gallery-item elementor-gallery-item elementor-animated-content\" href=\"https:\/\/mawlanasultan.org\/wp-content\/uploads\/2025\/05\/IMG_9720.jpg\" data-elementor-open-lightbox=\"yes\" data-elementor-lightbox-slideshow=\"9f52f38\" data-e-action-hash=\"#elementor-action%3Aaction%3Dlightbox%26settings%3DeyJpZCI6MTQ0MCwidXJsIjoiaHR0cHM6XC9cL21hd2xhbmFzdWx0YW4ub3JnXC93cC1jb250ZW50XC91cGxvYWRzXC8yMDI1XC8wNVwvSU1HXzk3MjAuanBnIiwic2xpZGVzaG93IjoiOWY1MmYzOCJ9\">\n\t\t\t\t\t<div class=\"e-gallery-image elementor-gallery-item__image\" data-thumbnail=\"https:\/\/mawlanasultan.org\/wp-content\/uploads\/2025\/05\/IMG_9720-300x220.jpg\" data-width=\"300\" data-height=\"220\" aria-label=\"\" role=\"img\" ><\/div>\n\t\t\t\t\t\t\t\t\t\t\t<div class=\"elementor-gallery-item__overlay\"><\/div>\n\t\t\t\t\t\t\t\t\t\t\t\t\t\t<\/a>\n\t\t\t\t\t\t\t<a class=\"e-gallery-item elementor-gallery-item elementor-animated-content\" href=\"https:\/\/mawlanasultan.org\/wp-content\/uploads\/2025\/05\/IMG_9717.jpg\" data-elementor-open-lightbox=\"yes\" data-elementor-lightbox-slideshow=\"9f52f38\" data-e-action-hash=\"#elementor-action%3Aaction%3Dlightbox%26settings%3DeyJpZCI6MTQ0MSwidXJsIjoiaHR0cHM6XC9cL21hd2xhbmFzdWx0YW4ub3JnXC93cC1jb250ZW50XC91cGxvYWRzXC8yMDI1XC8wNVwvSU1HXzk3MTcuanBnIiwic2xpZGVzaG93IjoiOWY1MmYzOCJ9\">\n\t\t\t\t\t<div class=\"e-gallery-image elementor-gallery-item__image\" data-thumbnail=\"https:\/\/mawlanasultan.org\/wp-content\/uploads\/2025\/05\/IMG_9717-300x205.jpg\" data-width=\"300\" data-height=\"205\" aria-label=\"\" role=\"img\" ><\/div>\n\t\t\t\t\t\t\t\t\t\t\t<div class=\"elementor-gallery-item__overlay\"><\/div>\n\t\t\t\t\t\t\t\t\t\t\t\t\t\t<\/a>\n\t\t\t\t\t<\/div>\n\t\t\t\t\t<\/div>\n\t\t\t\t<\/div>\n\t\t\t\t<\/div>\n\t\t\t\t\t<\/div>\n\t\t\t\t<\/div>\n\t\t\t\t<\/div>","protected":false},"excerpt":{"rendered":"<p>The Biography of Mawl\u0101n\u0101 Shaykh \u2018Abdu Ll\u0101h ad-D\u0101ghest\u0101n\u012b Mawlana Shaykh \u2018Abdu Ll\u0101h al-Fa\u2019iz ad-D\u0101ghest\u0101n\u012b was the 39th Leader and Shaykh of the Golden Chain of the Most Distinguished Naqshband\u012b \u1e6car\u012bqah. Mawlana Shaykh \u2018Abdu Ll\u0101h ad-D\u0101ghest\u0101n\u012b was born in the North Caucasian region of Dagestan, then part of the Russian Empire. Both his father and elder [&hellip;]<\/p>","protected":false},"author":1,"featured_media":0,"parent":0,"menu_order":0,"comment_status":"closed","ping_status":"closed","template":"elementor_header_footer","meta":{"_acf_changed":false,"footnotes":""},"class_list":["post-1185","page","type-page","status-publish","hentry"],"acf":[],"aioseo_notices":[],"_links":{"self":[{"href":"https:\/\/mawlanasultan.org\/ar\/wp-json\/wp\/v2\/pages\/1185","targetHints":{"allow":["GET"]}}],"collection":[{"href":"https:\/\/mawlanasultan.org\/ar\/wp-json\/wp\/v2\/pages"}],"about":[{"href":"https:\/\/mawlanasultan.org\/ar\/wp-json\/wp\/v2\/types\/page"}],"author":[{"embeddable":true,"href":"https:\/\/mawlanasultan.org\/ar\/wp-json\/wp\/v2\/users\/1"}],"replies":[{"embeddable":true,"href":"https:\/\/mawlanasultan.org\/ar\/wp-json\/wp\/v2\/comments?post=1185"}],"version-history":[{"count":18,"href":"https:\/\/mawlanasultan.org\/ar\/wp-json\/wp\/v2\/pages\/1185\/revisions"}],"predecessor-version":[{"id":2697,"href":"https:\/\/mawlanasultan.org\/ar\/wp-json\/wp\/v2\/pages\/1185\/revisions\/2697"}],"wp:attachment":[{"href":"https:\/\/mawlanasultan.org\/ar\/wp-json\/wp\/v2\/media?parent=1185"}],"curies":[{"name":"wp","href":"https:\/\/api.w.org\/{rel}","templated":true}]}}